{"id":200,"date":"2020-08-14T12:08:01","date_gmt":"2020-08-14T17:08:01","guid":{"rendered":"http:\/\/arqmariaflores.com\/?page_id=200"},"modified":"2020-09-28T12:48:14","modified_gmt":"2020-09-28T17:48:14","slug":"administracion-de-personal","status":"publish","type":"page","link":"https:\/\/cegal.com.mx\/en\/administracion-de-personal\/","title":{"rendered":"Staff Administration"},"content":{"rendered":"<div data-elementor-type=\"wp-page\" data-elementor-id=\"200\" class=\"elementor elementor-200\" data-elementor-post-type=\"page\">\n\t\t\t\t\t\t<section class=\"elementor-section elementor-top-section elementor-element elementor-element-12cda0bd elementor-section-stretched elementor-section-full_width elementor-section-height-min-height elementor-section-height-default elementor-section-items-middle\" data-id=\"12cda0bd\" data-element_type=\"section\" data-settings=\"{&quot;stretch_section&quot;:&quot;section-stretched&quot;,&quot;background_background&quot;:&quot;classic&quot;}\">\n\t\t\t\t\t\t\t<div class=\"elementor-background-overlay\"><\/div>\n\t\t\t\t\t\t\t<div class=\"elementor-container elementor-column-gap-default\">\n\t\t\t\t\t<div class=\"elementor-column elementor-col-100 elementor-top-column elementor-element elementor-element-5e608824\" data-id=\"5e608824\" data-element_type=\"column\">\n\t\t\t<div class=\"elementor-widget-wrap elementor-element-populated\">\n\t\t\t\t\t\t<div class=\"elementor-element elementor-element-e2d3afa elementor-widget elementor-widget-heading\" data-id=\"e2d3afa\" data-element_type=\"widget\" data-widget_type=\"heading.default\">\n\t\t\t\t<div class=\"elementor-widget-container\">\n\t\t\t\t\t<h2 class=\"elementor-heading-title elementor-size-default\">Staff Administration<\/h2>\t\t\t\t<\/div>\n\t\t\t\t<\/div>\n\t\t\t\t\t<\/div>\n\t\t<\/div>\n\t\t\t\t\t<\/div>\n\t\t<\/section>\n\t\t\t\t<section class=\"elementor-section elementor-top-section elementor-element elementor-element-b441393 elementor-section-boxed elementor-section-height-default elementor-section-height-default\" data-id=\"b441393\" data-element_type=\"section\">\n\t\t\t\t\t\t<div class=\"elementor-container elementor-column-gap-default\">\n\t\t\t\t\t<div class=\"elementor-column elementor-col-50 elementor-top-column elementor-element elementor-element-7f74276\" data-id=\"7f74276\" data-element_type=\"column\">\n\t\t\t<div class=\"elementor-widget-wrap elementor-element-populated\">\n\t\t\t\t\t\t<div class=\"elementor-element elementor-element-4c47b56 elementor-widget elementor-widget-text-editor\" data-id=\"4c47b56\" data-element_type=\"widget\" data-widget_type=\"text-editor.default\">\n\t\t\t\t<div class=\"elementor-widget-container\">\n\t\t\t\t\t\t\t\t\t<p>Our personnel administration service consists of satisfying the requirements of the personnel when carrying out non-strategic activities of the company, offering a comprehensive service of recruitment, selection and administration of personnel without labor and legal responsibility for the client.<\/p>\t\t\t\t\t\t\t\t<\/div>\n\t\t\t\t<\/div>\n\t\t\t\t<div class=\"elementor-element elementor-element-b88fe6a elementor-widget elementor-widget-text-editor\" data-id=\"b88fe6a\" data-element_type=\"widget\" data-widget_type=\"text-editor.default\">\n\t\t\t\t<div class=\"elementor-widget-container\">\n\t\t\t\t\t\t\t\t\t<p>We will take care of the legal aspects that correspond to the employer such as:<\/p>\t\t\t\t\t\t\t\t<\/div>\n\t\t\t\t<\/div>\n\t\t\t\t<div class=\"elementor-element elementor-element-8a96689 elementor-icon-list--layout-traditional elementor-list-item-link-full_width elementor-widget elementor-widget-icon-list\" data-id=\"8a96689\" data-element_type=\"widget\" data-widget_type=\"icon-list.default\">\n\t\t\t\t<div class=\"elementor-widget-container\">\n\t\t\t\t\t\t\t<ul class=\"elementor-icon-list-items\">\n\t\t\t\t\t\t\t<li class=\"elementor-icon-list-item\">\n\t\t\t\t\t\t\t\t\t\t\t<span class=\"elementor-icon-list-icon\">\n\t\t\t\t\t\t\t<i aria-hidden=\"true\" class=\"fas fa-check\"><\/i>\t\t\t\t\t\t<\/span>\n\t\t\t\t\t\t\t\t\t\t<span class=\"elementor-icon-list-text\">IMSS<\/span>\n\t\t\t\t\t\t\t\t\t<\/li>\n\t\t\t\t\t\t\t\t<li class=\"elementor-icon-list-item\">\n\t\t\t\t\t\t\t\t\t\t\t<span class=\"elementor-icon-list-icon\">\n\t\t\t\t\t\t\t<i aria-hidden=\"true\" class=\"fas fa-check\"><\/i>\t\t\t\t\t\t<\/span>\n\t\t\t\t\t\t\t\t\t\t<span class=\"elementor-icon-list-text\">INFONAVIT<\/span>\n\t\t\t\t\t\t\t\t\t<\/li>\n\t\t\t\t\t\t\t\t<li class=\"elementor-icon-list-item\">\n\t\t\t\t\t\t\t\t\t\t\t<span class=\"elementor-icon-list-icon\">\n\t\t\t\t\t\t\t<i aria-hidden=\"true\" class=\"fas fa-check\"><\/i>\t\t\t\t\t\t<\/span>\n\t\t\t\t\t\t\t\t\t\t<span class=\"elementor-icon-list-text\">Payroll taxes<\/span>\n\t\t\t\t\t\t\t\t\t<\/li>\n\t\t\t\t\t\t\t\t<li class=\"elementor-icon-list-item\">\n\t\t\t\t\t\t\t\t\t\t\t<span class=\"elementor-icon-list-icon\">\n\t\t\t\t\t\t\t<i aria-hidden=\"true\" class=\"fas fa-check\"><\/i>\t\t\t\t\t\t<\/span>\n\t\t\t\t\t\t\t\t\t\t<span class=\"elementor-icon-list-text\">Bonus Pay<\/span>\n\t\t\t\t\t\t\t\t\t<\/li>\n\t\t\t\t\t\t\t\t<li class=\"elementor-icon-list-item\">\n\t\t\t\t\t\t\t\t\t\t\t<span class=\"elementor-icon-list-icon\">\n\t\t\t\t\t\t\t<i aria-hidden=\"true\" class=\"fas fa-check\"><\/i>\t\t\t\t\t\t<\/span>\n\t\t\t\t\t\t\t\t\t\t<span class=\"elementor-icon-list-text\">Loans<\/span>\n\t\t\t\t\t\t\t\t\t<\/li>\n\t\t\t\t\t\t\t\t<li class=\"elementor-icon-list-item\">\n\t\t\t\t\t\t\t\t\t\t\t<span class=\"elementor-icon-list-icon\">\n\t\t\t\t\t\t\t<i aria-hidden=\"true\" class=\"fas fa-check\"><\/i>\t\t\t\t\t\t<\/span>\n\t\t\t\t\t\t\t\t\t\t<span class=\"elementor-icon-list-text\">Hiring\/Firing<\/span>\n\t\t\t\t\t\t\t\t\t<\/li>\n\t\t\t\t\t\t\t\t<li class=\"elementor-icon-list-item\">\n\t\t\t\t\t\t\t\t\t\t\t<span class=\"elementor-icon-list-icon\">\n\t\t\t\t\t\t\t<i aria-hidden=\"true\" class=\"fas fa-check\"><\/i>\t\t\t\t\t\t<\/span>\n\t\t\t\t\t\t\t\t\t\t<span class=\"elementor-icon-list-text\">Contracts<\/span>\n\t\t\t\t\t\t\t\t\t<\/li>\n\t\t\t\t\t\t\t\t<li class=\"elementor-icon-list-item\">\n\t\t\t\t\t\t\t\t\t\t\t<span class=\"elementor-icon-list-icon\">\n\t\t\t\t\t\t\t<i aria-hidden=\"true\" class=\"fas fa-check\"><\/i>\t\t\t\t\t\t<\/span>\n\t\t\t\t\t\t\t\t\t\t<span class=\"elementor-icon-list-text\">Settlement<\/span>\n\t\t\t\t\t\t\t\t\t<\/li>\n\t\t\t\t\t\t<\/ul>\n\t\t\t\t\t\t<\/div>\n\t\t\t\t<\/div>\n\t\t\t\t<div class=\"elementor-element elementor-element-c747fab elementor-widget elementor-widget-text-editor\" data-id=\"c747fab\" data-element_type=\"widget\" data-widget_type=\"text-editor.default\">\n\t\t\t\t<div class=\"elementor-widget-container\">\n\t\t\t\t\t\t\t\t\t<p>The service has the possibility of being divided into three branches:<\/p>\t\t\t\t\t\t\t\t<\/div>\n\t\t\t\t<\/div>\n\t\t\t\t<div class=\"elementor-element elementor-element-d0a27c0 elementor-icon-list--layout-traditional elementor-list-item-link-full_width elementor-widget elementor-widget-icon-list\" data-id=\"d0a27c0\" data-element_type=\"widget\" data-widget_type=\"icon-list.default\">\n\t\t\t\t<div class=\"elementor-widget-container\">\n\t\t\t\t\t\t\t<ul class=\"elementor-icon-list-items\">\n\t\t\t\t\t\t\t<li class=\"elementor-icon-list-item\">\n\t\t\t\t\t\t\t\t\t\t\t<span class=\"elementor-icon-list-icon\">\n\t\t\t\t\t\t\t<i aria-hidden=\"true\" class=\"fas fa-check\"><\/i>\t\t\t\t\t\t<\/span>\n\t\t\t\t\t\t\t\t\t\t<span class=\"elementor-icon-list-text\">Administrative staff management<\/span>\n\t\t\t\t\t\t\t\t\t<\/li>\n\t\t\t\t\t\t\t\t<li class=\"elementor-icon-list-item\">\n\t\t\t\t\t\t\t\t\t\t\t<span class=\"elementor-icon-list-icon\">\n\t\t\t\t\t\t\t<i aria-hidden=\"true\" class=\"fas fa-check\"><\/i>\t\t\t\t\t\t<\/span>\n\t\t\t\t\t\t\t\t\t\t<span class=\"elementor-icon-list-text\">Management of operating personnel<\/span>\n\t\t\t\t\t\t\t\t\t<\/li>\n\t\t\t\t\t\t\t\t<li class=\"elementor-icon-list-item\">\n\t\t\t\t\t\t\t\t\t\t\t<span class=\"elementor-icon-list-icon\">\n\t\t\t\t\t\t\t<i aria-hidden=\"true\" class=\"fas fa-check\"><\/i>\t\t\t\t\t\t<\/span>\n\t\t\t\t\t\t\t\t\t\t<span class=\"elementor-icon-list-text\">Special Personnel Services Projects<br>- Works carried out for a defined period of time or for a single exhibition<\/span>\n\t\t\t\t\t\t\t\t\t<\/li>\n\t\t\t\t\t\t<\/ul>\n\t\t\t\t\t\t<\/div>\n\t\t\t\t<\/div>\n\t\t\t\t\t<\/div>\n\t\t<\/div>\n\t\t\t\t<div class=\"elementor-column elementor-col-50 elementor-top-column elementor-element elementor-element-84662c9\" data-id=\"84662c9\" data-element_type=\"column\">\n\t\t\t<div class=\"elementor-widget-wrap elementor-element-populated\">\n\t\t\t\t\t\t<div class=\"elementor-element elementor-element-a0d0150 elementor-widget elementor-widget-image\" data-id=\"a0d0150\" data-element_type=\"widget\" data-widget_type=\"image.default\">\n\t\t\t\t<div class=\"elementor-widget-container\">\n\t\t\t\t\t\t\t\t\t\t\t\t\t\t\t<img fetchpriority=\"high\" decoding=\"async\" width=\"800\" height=\"562\" src=\"https:\/\/cegal.com.mx\/wp-content\/uploads\/2020\/09\/administracion-de-personal.jpg\" class=\"attachment-large size-large wp-image-358\" alt=\"\" srcset=\"https:\/\/cegal.com.mx\/wp-content\/uploads\/2020\/09\/administracion-de-personal.jpg 1000w, https:\/\/cegal.com.mx\/wp-content\/uploads\/2020\/09\/administracion-de-personal-300x211.jpg 300w, https:\/\/cegal.com.mx\/wp-content\/uploads\/2020\/09\/administracion-de-personal-768x540.jpg 768w\" sizes=\"(max-width: 800px) 100vw, 800px\" \/>\t\t\t\t\t\t\t\t\t\t\t\t\t\t\t<\/div>\n\t\t\t\t<\/div>\n\t\t\t\t\t<\/div>\n\t\t<\/div>\n\t\t\t\t\t<\/div>\n\t\t<\/section>\n\t\t\t\t<\/div>","protected":false},"excerpt":{"rendered":"<p>Administraci\u00f3n de Personal Nuestro servicio de administraci\u00f3n de personal consta de satisfacer los requerimientos del personal al realizar actividades no estrat\u00e9gicas de la empresa ofreciendo un servicio integral de reclutamiento, selecci\u00f3n y administraci\u00f3n de personal sin responsabilidad laboral y legal para el cliente. Nosotros nos haremos cargo de los aspectos legales que le corresponden al [&hellip;]<\/p>","protected":false},"author":1,"featured_media":0,"parent":0,"menu_order":0,"comment_status":"closed","ping_status":"closed","template":"elementor_header_footer","meta":{"_joinchat":[],"footnotes":""},"class_list":["post-200","page","type-page","status-publish","hentry"],"yoast_head":"<!-- This site is optimized with the Yoast SEO plugin v26.5 - https:\/\/yoast.com\/wordpress\/plugins\/seo\/ -->\n<title>Administraci\u00f3n de Personal - CEGAL<\/title>\n<meta name=\"robots\" content=\"index, follow, max-snippet:-1, max-image-preview:large, max-video-preview:-1\" \/>\n<link rel=\"canonical\" href=\"http:\/\/cegal.com.mx\/en\/administracion-de-personal\/\" \/>\n<meta property=\"og:locale\" content=\"en_US\" \/>\n<meta property=\"og:type\" content=\"article\" \/>\n<meta property=\"og:title\" content=\"Administraci\u00f3n de Personal - CEGAL\" \/>\n<meta property=\"og:description\" content=\"Administraci\u00f3n de Personal Nuestro servicio de administraci\u00f3n de personal consta de satisfacer los requerimientos del personal al realizar actividades no estrat\u00e9gicas de la empresa ofreciendo un servicio integral de reclutamiento, selecci\u00f3n y administraci\u00f3n de personal sin responsabilidad laboral y legal para el cliente. Nosotros nos haremos cargo de los aspectos legales que le corresponden al [&hellip;]\" \/>\n<meta property=\"og:url\" content=\"http:\/\/cegal.com.mx\/en\/administracion-de-personal\/\" \/>\n<meta property=\"og:site_name\" content=\"CEGAL\" \/>\n<meta property=\"article:modified_time\" content=\"2020-09-28T17:48:14+00:00\" \/>\n<meta property=\"og:image\" content=\"http:\/\/arqmariaflores.com\/wp-content\/uploads\/2020\/09\/administracion-de-personal.jpg\" \/>\n<meta name=\"twitter:card\" content=\"summary_large_image\" \/>\n<meta name=\"twitter:label1\" content=\"Est. reading time\" \/>\n\t<meta name=\"twitter:data1\" content=\"1 minute\" \/>\n<script type=\"application\/ld+json\" class=\"yoast-schema-graph\">{\"@context\":\"https:\/\/schema.org\",\"@graph\":[{\"@type\":\"WebPage\",\"@id\":\"http:\/\/cegal.com.mx\/administracion-de-personal\/\",\"url\":\"http:\/\/cegal.com.mx\/administracion-de-personal\/\",\"name\":\"Administraci\u00f3n de Personal - CEGAL\",\"isPartOf\":{\"@id\":\"http:\/\/cegal.com.mx\/#website\"},\"primaryImageOfPage\":{\"@id\":\"http:\/\/cegal.com.mx\/administracion-de-personal\/#primaryimage\"},\"image\":{\"@id\":\"http:\/\/cegal.com.mx\/administracion-de-personal\/#primaryimage\"},\"thumbnailUrl\":\"http:\/\/arqmariaflores.com\/wp-content\/uploads\/2020\/09\/administracion-de-personal.jpg\",\"datePublished\":\"2020-08-14T17:08:01+00:00\",\"dateModified\":\"2020-09-28T17:48:14+00:00\",\"breadcrumb\":{\"@id\":\"http:\/\/cegal.com.mx\/administracion-de-personal\/#breadcrumb\"},\"inLanguage\":\"en-US\",\"potentialAction\":[{\"@type\":\"ReadAction\",\"target\":[\"http:\/\/cegal.com.mx\/administracion-de-personal\/\"]}]},{\"@type\":\"ImageObject\",\"inLanguage\":\"en-US\",\"@id\":\"http:\/\/cegal.com.mx\/administracion-de-personal\/#primaryimage\",\"url\":\"http:\/\/arqmariaflores.com\/wp-content\/uploads\/2020\/09\/administracion-de-personal.jpg\",\"contentUrl\":\"http:\/\/arqmariaflores.com\/wp-content\/uploads\/2020\/09\/administracion-de-personal.jpg\"},{\"@type\":\"BreadcrumbList\",\"@id\":\"http:\/\/cegal.com.mx\/administracion-de-personal\/#breadcrumb\",\"itemListElement\":[{\"@type\":\"ListItem\",\"position\":1,\"name\":\"Inicio\",\"item\":\"http:\/\/cegal.com.mx\/\"},{\"@type\":\"ListItem\",\"position\":2,\"name\":\"Administraci\u00f3n de Personal\"}]},{\"@type\":\"WebSite\",\"@id\":\"http:\/\/cegal.com.mx\/#website\",\"url\":\"http:\/\/cegal.com.mx\/\",\"name\":\"CEGAL\",\"description\":\"Soluciones Industriales\",\"publisher\":{\"@id\":\"http:\/\/cegal.com.mx\/#organization\"},\"potentialAction\":[{\"@type\":\"SearchAction\",\"target\":{\"@type\":\"EntryPoint\",\"urlTemplate\":\"http:\/\/cegal.com.mx\/?s={search_term_string}\"},\"query-input\":{\"@type\":\"PropertyValueSpecification\",\"valueRequired\":true,\"valueName\":\"search_term_string\"}}],\"inLanguage\":\"en-US\"},{\"@type\":\"Organization\",\"@id\":\"http:\/\/cegal.com.mx\/#organization\",\"name\":\"CEGAL\",\"url\":\"http:\/\/cegal.com.mx\/\",\"logo\":{\"@type\":\"ImageObject\",\"inLanguage\":\"en-US\",\"@id\":\"http:\/\/cegal.com.mx\/#\/schema\/logo\/image\/\",\"url\":\"https:\/\/cegal.com.mx\/wp-content\/uploads\/2020\/08\/LOGO-CEGAL.png\",\"contentUrl\":\"https:\/\/cegal.com.mx\/wp-content\/uploads\/2020\/08\/LOGO-CEGAL.png\",\"width\":310,\"height\":240,\"caption\":\"CEGAL\"},\"image\":{\"@id\":\"http:\/\/cegal.com.mx\/#\/schema\/logo\/image\/\"}}]}<\/script>\n<!-- \/ Yoast SEO plugin. -->","yoast_head_json":{"title":"Administraci\u00f3n de Personal - CEGAL","robots":{"index":"index","follow":"follow","max-snippet":"max-snippet:-1","max-image-preview":"max-image-preview:large","max-video-preview":"max-video-preview:-1"},"canonical":"http:\/\/cegal.com.mx\/en\/administracion-de-personal\/","og_locale":"en_US","og_type":"article","og_title":"Administraci\u00f3n de Personal - CEGAL","og_description":"Administraci\u00f3n de Personal Nuestro servicio de administraci\u00f3n de personal consta de satisfacer los requerimientos del personal al realizar actividades no estrat\u00e9gicas de la empresa ofreciendo un servicio integral de reclutamiento, selecci\u00f3n y administraci\u00f3n de personal sin responsabilidad laboral y legal para el cliente. Nosotros nos haremos cargo de los aspectos legales que le corresponden al [&hellip;]","og_url":"http:\/\/cegal.com.mx\/en\/administracion-de-personal\/","og_site_name":"CEGAL","article_modified_time":"2020-09-28T17:48:14+00:00","og_image":[{"url":"http:\/\/arqmariaflores.com\/wp-content\/uploads\/2020\/09\/administracion-de-personal.jpg","type":"","width":"","height":""}],"twitter_card":"summary_large_image","twitter_misc":{"Est. reading time":"1 minute"},"schema":{"@context":"https:\/\/schema.org","@graph":[{"@type":"WebPage","@id":"http:\/\/cegal.com.mx\/administracion-de-personal\/","url":"http:\/\/cegal.com.mx\/administracion-de-personal\/","name":"Administraci\u00f3n de Personal - CEGAL","isPartOf":{"@id":"http:\/\/cegal.com.mx\/#website"},"primaryImageOfPage":{"@id":"http:\/\/cegal.com.mx\/administracion-de-personal\/#primaryimage"},"image":{"@id":"http:\/\/cegal.com.mx\/administracion-de-personal\/#primaryimage"},"thumbnailUrl":"http:\/\/arqmariaflores.com\/wp-content\/uploads\/2020\/09\/administracion-de-personal.jpg","datePublished":"2020-08-14T17:08:01+00:00","dateModified":"2020-09-28T17:48:14+00:00","breadcrumb":{"@id":"http:\/\/cegal.com.mx\/administracion-de-personal\/#breadcrumb"},"inLanguage":"en-US","potentialAction":[{"@type":"ReadAction","target":["http:\/\/cegal.com.mx\/administracion-de-personal\/"]}]},{"@type":"ImageObject","inLanguage":"en-US","@id":"http:\/\/cegal.com.mx\/administracion-de-personal\/#primaryimage","url":"http:\/\/arqmariaflores.com\/wp-content\/uploads\/2020\/09\/administracion-de-personal.jpg","contentUrl":"http:\/\/arqmariaflores.com\/wp-content\/uploads\/2020\/09\/administracion-de-personal.jpg"},{"@type":"BreadcrumbList","@id":"http:\/\/cegal.com.mx\/administracion-de-personal\/#breadcrumb","itemListElement":[{"@type":"ListItem","position":1,"name":"Inicio","item":"http:\/\/cegal.com.mx\/"},{"@type":"ListItem","position":2,"name":"Administraci\u00f3n de Personal"}]},{"@type":"WebSite","@id":"http:\/\/cegal.com.mx\/#website","url":"http:\/\/cegal.com.mx\/","name":"CEGAL","description":"Soluciones Industriales","publisher":{"@id":"http:\/\/cegal.com.mx\/#organization"},"potentialAction":[{"@type":"SearchAction","target":{"@type":"EntryPoint","urlTemplate":"http:\/\/cegal.com.mx\/?s={search_term_string}"},"query-input":{"@type":"PropertyValueSpecification","valueRequired":true,"valueName":"search_term_string"}}],"inLanguage":"en-US"},{"@type":"Organization","@id":"http:\/\/cegal.com.mx\/#organization","name":"CEGAL","url":"http:\/\/cegal.com.mx\/","logo":{"@type":"ImageObject","inLanguage":"en-US","@id":"http:\/\/cegal.com.mx\/#\/schema\/logo\/image\/","url":"https:\/\/cegal.com.mx\/wp-content\/uploads\/2020\/08\/LOGO-CEGAL.png","contentUrl":"https:\/\/cegal.com.mx\/wp-content\/uploads\/2020\/08\/LOGO-CEGAL.png","width":310,"height":240,"caption":"CEGAL"},"image":{"@id":"http:\/\/cegal.com.mx\/#\/schema\/logo\/image\/"}}]}},"_links":{"self":[{"href":"https:\/\/cegal.com.mx\/en\/wp-json\/wp\/v2\/pages\/200","targetHints":{"allow":["GET"]}}],"collection":[{"href":"https:\/\/cegal.com.mx\/en\/wp-json\/wp\/v2\/pages"}],"about":[{"href":"https:\/\/cegal.com.mx\/en\/wp-json\/wp\/v2\/types\/page"}],"author":[{"embeddable":true,"href":"https:\/\/cegal.com.mx\/en\/wp-json\/wp\/v2\/users\/1"}],"replies":[{"embeddable":true,"href":"https:\/\/cegal.com.mx\/en\/wp-json\/wp\/v2\/comments?post=200"}],"version-history":[{"count":17,"href":"https:\/\/cegal.com.mx\/en\/wp-json\/wp\/v2\/pages\/200\/revisions"}],"predecessor-version":[{"id":409,"href":"https:\/\/cegal.com.mx\/en\/wp-json\/wp\/v2\/pages\/200\/revisions\/409"}],"wp:attachment":[{"href":"https:\/\/cegal.com.mx\/en\/wp-json\/wp\/v2\/media?parent=200"}],"curies":[{"name":"wp","href":"https:\/\/api.w.org\/{rel}","templated":true}]}}