{"id":224,"date":"2020-08-14T13:06:20","date_gmt":"2020-08-14T18:06:20","guid":{"rendered":"http:\/\/arqmariaflores.com\/?page_id=224"},"modified":"2020-09-28T12:59:04","modified_gmt":"2020-09-28T17:59:04","slug":"almacenaje-y-logistica","status":"publish","type":"page","link":"https:\/\/cegal.com.mx\/en\/almacenaje-y-logistica\/","title":{"rendered":"Warehousing and Logistics"},"content":{"rendered":"<div data-elementor-type=\"wp-page\" data-elementor-id=\"224\" class=\"elementor elementor-224\" data-elementor-post-type=\"page\">\n\t\t\t\t\t\t<section class=\"elementor-section elementor-top-section elementor-element elementor-element-22befda1 elementor-section-stretched elementor-section-full_width elementor-section-height-min-height elementor-section-height-default elementor-section-items-middle\" data-id=\"22befda1\" data-element_type=\"section\" data-settings=\"{&quot;stretch_section&quot;:&quot;section-stretched&quot;,&quot;background_background&quot;:&quot;classic&quot;}\">\n\t\t\t\t\t\t\t<div class=\"elementor-background-overlay\"><\/div>\n\t\t\t\t\t\t\t<div class=\"elementor-container elementor-column-gap-default\">\n\t\t\t\t\t<div class=\"elementor-column elementor-col-100 elementor-top-column elementor-element elementor-element-6b85b5fd\" data-id=\"6b85b5fd\" data-element_type=\"column\">\n\t\t\t<div class=\"elementor-widget-wrap elementor-element-populated\">\n\t\t\t\t\t\t<div class=\"elementor-element elementor-element-8580ded elementor-widget elementor-widget-heading\" data-id=\"8580ded\" data-element_type=\"widget\" data-widget_type=\"heading.default\">\n\t\t\t\t<div class=\"elementor-widget-container\">\n\t\t\t\t\t<h2 class=\"elementor-heading-title elementor-size-default\">Warehousing and Logistics<\/h2>\t\t\t\t<\/div>\n\t\t\t\t<\/div>\n\t\t\t\t\t<\/div>\n\t\t<\/div>\n\t\t\t\t\t<\/div>\n\t\t<\/section>\n\t\t\t\t<section class=\"elementor-section elementor-top-section elementor-element elementor-element-0548d62 elementor-section-boxed elementor-section-height-default elementor-section-height-default\" data-id=\"0548d62\" data-element_type=\"section\">\n\t\t\t\t\t\t<div class=\"elementor-container elementor-column-gap-default\">\n\t\t\t\t\t<div class=\"elementor-column elementor-col-50 elementor-top-column elementor-element elementor-element-8d2630f\" data-id=\"8d2630f\" data-element_type=\"column\">\n\t\t\t<div class=\"elementor-widget-wrap elementor-element-populated\">\n\t\t\t\t\t\t<div class=\"elementor-element elementor-element-620cdfd elementor-widget elementor-widget-text-editor\" data-id=\"620cdfd\" data-element_type=\"widget\" data-widget_type=\"text-editor.default\">\n\t\t\t\t<div class=\"elementor-widget-container\">\n\t\t\t\t\t\t\t\t\t<p>With the help of our experts we will support you to use your square meters of construction with 100% productivity and efficiency. It is necessary to consider that your construction square meters should generate value and profits in an optimal way. We are here to store material that you will not use in a short period or some excess material.<\/p><p>We will function as your external warehouse with the ability to adapt to your needs, we offer the following services:<\/p>\t\t\t\t\t\t\t\t<\/div>\n\t\t\t\t<\/div>\n\t\t\t\t<div class=\"elementor-element elementor-element-f08b063 elementor-icon-list--layout-traditional elementor-list-item-link-full_width elementor-widget elementor-widget-icon-list\" data-id=\"f08b063\" data-element_type=\"widget\" data-widget_type=\"icon-list.default\">\n\t\t\t\t<div class=\"elementor-widget-container\">\n\t\t\t\t\t\t\t<ul class=\"elementor-icon-list-items\">\n\t\t\t\t\t\t\t<li class=\"elementor-icon-list-item\">\n\t\t\t\t\t\t\t\t\t\t\t<span class=\"elementor-icon-list-icon\">\n\t\t\t\t\t\t\t<i aria-hidden=\"true\" class=\"fas fa-check\"><\/i>\t\t\t\t\t\t<\/span>\n\t\t\t\t\t\t\t\t\t\t<span class=\"elementor-icon-list-text\">Buscar el almac\u00e9n con las medidas que el cliente necesite<\/span>\n\t\t\t\t\t\t\t\t\t<\/li>\n\t\t\t\t\t\t\t\t<li class=\"elementor-icon-list-item\">\n\t\t\t\t\t\t\t\t\t\t\t<span class=\"elementor-icon-list-icon\">\n\t\t\t\t\t\t\t<i aria-hidden=\"true\" class=\"fas fa-check\"><\/i>\t\t\t\t\t\t<\/span>\n\t\t\t\t\t\t\t\t\t\t<span class=\"elementor-icon-list-text\">Adapt material handling systems<\/span>\n\t\t\t\t\t\t\t\t\t<\/li>\n\t\t\t\t\t\t\t\t<li class=\"elementor-icon-list-item\">\n\t\t\t\t\t\t\t\t\t\t\t<span class=\"elementor-icon-list-icon\">\n\t\t\t\t\t\t\t<i aria-hidden=\"true\" class=\"fas fa-check\"><\/i>\t\t\t\t\t\t<\/span>\n\t\t\t\t\t\t\t\t\t\t<span class=\"elementor-icon-list-text\">Systems to order remotely<\/span>\n\t\t\t\t\t\t\t\t\t<\/li>\n\t\t\t\t\t\t\t\t<li class=\"elementor-icon-list-item\">\n\t\t\t\t\t\t\t\t\t\t\t<span class=\"elementor-icon-list-icon\">\n\t\t\t\t\t\t\t<i aria-hidden=\"true\" class=\"fas fa-check\"><\/i>\t\t\t\t\t\t<\/span>\n\t\t\t\t\t\t\t\t\t\t<span class=\"elementor-icon-list-text\">Sub processes within the warehouse<\/span>\n\t\t\t\t\t\t\t\t\t<\/li>\n\t\t\t\t\t\t<\/ul>\n\t\t\t\t\t\t<\/div>\n\t\t\t\t<\/div>\n\t\t\t\t\t<\/div>\n\t\t<\/div>\n\t\t\t\t<div class=\"elementor-column elementor-col-50 elementor-top-column elementor-element elementor-element-cb8b5e2\" data-id=\"cb8b5e2\" data-element_type=\"column\">\n\t\t\t<div class=\"elementor-widget-wrap elementor-element-populated\">\n\t\t\t\t\t\t<div class=\"elementor-element elementor-element-32f6e25 elementor-widget elementor-widget-image\" data-id=\"32f6e25\" data-element_type=\"widget\" data-widget_type=\"image.default\">\n\t\t\t\t<div class=\"elementor-widget-container\">\n\t\t\t\t\t\t\t\t\t\t\t\t\t\t\t<img fetchpriority=\"high\" decoding=\"async\" width=\"800\" height=\"534\" src=\"https:\/\/cegal.com.mx\/wp-content\/uploads\/2020\/09\/almacenaje-logistica-1024x683.jpg\" class=\"attachment-large size-large wp-image-364\" alt=\"\" srcset=\"https:\/\/cegal.com.mx\/wp-content\/uploads\/2020\/09\/almacenaje-logistica-1024x683.jpg 1024w, https:\/\/cegal.com.mx\/wp-content\/uploads\/2020\/09\/almacenaje-logistica-300x200.jpg 300w, https:\/\/cegal.com.mx\/wp-content\/uploads\/2020\/09\/almacenaje-logistica-768x512.jpg 768w, https:\/\/cegal.com.mx\/wp-content\/uploads\/2020\/09\/almacenaje-logistica.jpg 1200w\" sizes=\"(max-width: 800px) 100vw, 800px\" \/>\t\t\t\t\t\t\t\t\t\t\t\t\t\t\t<\/div>\n\t\t\t\t<\/div>\n\t\t\t\t\t<\/div>\n\t\t<\/div>\n\t\t\t\t\t<\/div>\n\t\t<\/section>\n\t\t\t\t<\/div>","protected":false},"excerpt":{"rendered":"<p>Almacenaje y Log\u00edstica Con ayuda de nuestros expertos le apoyaremos a utilizar con un 100% de productividad y eficacia sus metros cuadrados de construcci\u00f3n. Es necesario considerar que sus metros cuadros de construcci\u00f3n deben generar valor y ganancias de manera \u00f3ptima. Nosotros estamos para almacenar material que no usar\u00e1 en un periodo corto o alg\u00fan [&hellip;]<\/p>","protected":false},"author":1,"featured_media":0,"parent":0,"menu_order":0,"comment_status":"closed","ping_status":"closed","template":"elementor_header_footer","meta":{"_joinchat":[],"footnotes":""},"class_list":["post-224","page","type-page","status-publish","hentry"],"yoast_head":"<!-- This site is optimized with the Yoast SEO plugin v26.5 - https:\/\/yoast.com\/wordpress\/plugins\/seo\/ -->\n<title>Almacenaje y Log\u00edstica - CEGAL<\/title>\n<meta name=\"robots\" content=\"index, follow, max-snippet:-1, max-image-preview:large, max-video-preview:-1\" \/>\n<link rel=\"canonical\" href=\"https:\/\/cegal.com.mx\/en\/almacenaje-y-logistica\/\" \/>\n<meta property=\"og:locale\" content=\"en_US\" \/>\n<meta property=\"og:type\" content=\"article\" \/>\n<meta property=\"og:title\" content=\"Almacenaje y Log\u00edstica - CEGAL\" \/>\n<meta property=\"og:description\" content=\"Almacenaje y Log\u00edstica Con ayuda de nuestros expertos le apoyaremos a utilizar con un 100% de productividad y eficacia sus metros cuadrados de construcci\u00f3n. Es necesario considerar que sus metros cuadros de construcci\u00f3n deben generar valor y ganancias de manera \u00f3ptima. Nosotros estamos para almacenar material que no usar\u00e1 en un periodo corto o alg\u00fan [&hellip;]\" \/>\n<meta property=\"og:url\" content=\"https:\/\/cegal.com.mx\/en\/almacenaje-y-logistica\/\" \/>\n<meta property=\"og:site_name\" content=\"CEGAL\" \/>\n<meta property=\"article:modified_time\" content=\"2020-09-28T17:59:04+00:00\" \/>\n<meta property=\"og:image\" content=\"http:\/\/arqmariaflores.com\/wp-content\/uploads\/2020\/09\/almacenaje-logistica-1024x683.jpg\" \/>\n<meta name=\"twitter:card\" content=\"summary_large_image\" \/>\n<meta name=\"twitter:label1\" content=\"Est. reading time\" \/>\n\t<meta name=\"twitter:data1\" content=\"1 minute\" \/>\n<script type=\"application\/ld+json\" class=\"yoast-schema-graph\">{\"@context\":\"https:\/\/schema.org\",\"@graph\":[{\"@type\":\"WebPage\",\"@id\":\"https:\/\/cegal.com.mx\/en\/almacenaje-y-logistica\/\",\"url\":\"https:\/\/cegal.com.mx\/en\/almacenaje-y-logistica\/\",\"name\":\"Almacenaje y Log\u00edstica - CEGAL\",\"isPartOf\":{\"@id\":\"http:\/\/cegal.com.mx\/#website\"},\"primaryImageOfPage\":{\"@id\":\"https:\/\/cegal.com.mx\/en\/almacenaje-y-logistica\/#primaryimage\"},\"image\":{\"@id\":\"https:\/\/cegal.com.mx\/en\/almacenaje-y-logistica\/#primaryimage\"},\"thumbnailUrl\":\"http:\/\/arqmariaflores.com\/wp-content\/uploads\/2020\/09\/almacenaje-logistica-1024x683.jpg\",\"datePublished\":\"2020-08-14T18:06:20+00:00\",\"dateModified\":\"2020-09-28T17:59:04+00:00\",\"breadcrumb\":{\"@id\":\"https:\/\/cegal.com.mx\/en\/almacenaje-y-logistica\/#breadcrumb\"},\"inLanguage\":\"en-US\",\"potentialAction\":[{\"@type\":\"ReadAction\",\"target\":[\"https:\/\/cegal.com.mx\/en\/almacenaje-y-logistica\/\"]}]},{\"@type\":\"ImageObject\",\"inLanguage\":\"en-US\",\"@id\":\"https:\/\/cegal.com.mx\/en\/almacenaje-y-logistica\/#primaryimage\",\"url\":\"http:\/\/arqmariaflores.com\/wp-content\/uploads\/2020\/09\/almacenaje-logistica-1024x683.jpg\",\"contentUrl\":\"http:\/\/arqmariaflores.com\/wp-content\/uploads\/2020\/09\/almacenaje-logistica-1024x683.jpg\"},{\"@type\":\"BreadcrumbList\",\"@id\":\"https:\/\/cegal.com.mx\/en\/almacenaje-y-logistica\/#breadcrumb\",\"itemListElement\":[{\"@type\":\"ListItem\",\"position\":1,\"name\":\"Inicio\",\"item\":\"http:\/\/cegal.com.mx\/\"},{\"@type\":\"ListItem\",\"position\":2,\"name\":\"Almacenaje y Log\u00edstica\"}]},{\"@type\":\"WebSite\",\"@id\":\"http:\/\/cegal.com.mx\/#website\",\"url\":\"http:\/\/cegal.com.mx\/\",\"name\":\"CEGAL\",\"description\":\"Soluciones Industriales\",\"publisher\":{\"@id\":\"http:\/\/cegal.com.mx\/#organization\"},\"potentialAction\":[{\"@type\":\"SearchAction\",\"target\":{\"@type\":\"EntryPoint\",\"urlTemplate\":\"http:\/\/cegal.com.mx\/?s={search_term_string}\"},\"query-input\":{\"@type\":\"PropertyValueSpecification\",\"valueRequired\":true,\"valueName\":\"search_term_string\"}}],\"inLanguage\":\"en-US\"},{\"@type\":\"Organization\",\"@id\":\"http:\/\/cegal.com.mx\/#organization\",\"name\":\"CEGAL\",\"url\":\"http:\/\/cegal.com.mx\/\",\"logo\":{\"@type\":\"ImageObject\",\"inLanguage\":\"en-US\",\"@id\":\"http:\/\/cegal.com.mx\/#\/schema\/logo\/image\/\",\"url\":\"https:\/\/cegal.com.mx\/wp-content\/uploads\/2020\/08\/LOGO-CEGAL.png\",\"contentUrl\":\"https:\/\/cegal.com.mx\/wp-content\/uploads\/2020\/08\/LOGO-CEGAL.png\",\"width\":310,\"height\":240,\"caption\":\"CEGAL\"},\"image\":{\"@id\":\"http:\/\/cegal.com.mx\/#\/schema\/logo\/image\/\"}}]}<\/script>\n<!-- \/ Yoast SEO plugin. -->","yoast_head_json":{"title":"Almacenaje y Log\u00edstica - CEGAL","robots":{"index":"index","follow":"follow","max-snippet":"max-snippet:-1","max-image-preview":"max-image-preview:large","max-video-preview":"max-video-preview:-1"},"canonical":"https:\/\/cegal.com.mx\/en\/almacenaje-y-logistica\/","og_locale":"en_US","og_type":"article","og_title":"Almacenaje y Log\u00edstica - CEGAL","og_description":"Almacenaje y Log\u00edstica Con ayuda de nuestros expertos le apoyaremos a utilizar con un 100% de productividad y eficacia sus metros cuadrados de construcci\u00f3n. Es necesario considerar que sus metros cuadros de construcci\u00f3n deben generar valor y ganancias de manera \u00f3ptima. Nosotros estamos para almacenar material que no usar\u00e1 en un periodo corto o alg\u00fan [&hellip;]","og_url":"https:\/\/cegal.com.mx\/en\/almacenaje-y-logistica\/","og_site_name":"CEGAL","article_modified_time":"2020-09-28T17:59:04+00:00","og_image":[{"url":"http:\/\/arqmariaflores.com\/wp-content\/uploads\/2020\/09\/almacenaje-logistica-1024x683.jpg","type":"","width":"","height":""}],"twitter_card":"summary_large_image","twitter_misc":{"Est. reading time":"1 minute"},"schema":{"@context":"https:\/\/schema.org","@graph":[{"@type":"WebPage","@id":"https:\/\/cegal.com.mx\/en\/almacenaje-y-logistica\/","url":"https:\/\/cegal.com.mx\/en\/almacenaje-y-logistica\/","name":"Almacenaje y Log\u00edstica - CEGAL","isPartOf":{"@id":"http:\/\/cegal.com.mx\/#website"},"primaryImageOfPage":{"@id":"https:\/\/cegal.com.mx\/en\/almacenaje-y-logistica\/#primaryimage"},"image":{"@id":"https:\/\/cegal.com.mx\/en\/almacenaje-y-logistica\/#primaryimage"},"thumbnailUrl":"http:\/\/arqmariaflores.com\/wp-content\/uploads\/2020\/09\/almacenaje-logistica-1024x683.jpg","datePublished":"2020-08-14T18:06:20+00:00","dateModified":"2020-09-28T17:59:04+00:00","breadcrumb":{"@id":"https:\/\/cegal.com.mx\/en\/almacenaje-y-logistica\/#breadcrumb"},"inLanguage":"en-US","potentialAction":[{"@type":"ReadAction","target":["https:\/\/cegal.com.mx\/en\/almacenaje-y-logistica\/"]}]},{"@type":"ImageObject","inLanguage":"en-US","@id":"https:\/\/cegal.com.mx\/en\/almacenaje-y-logistica\/#primaryimage","url":"http:\/\/arqmariaflores.com\/wp-content\/uploads\/2020\/09\/almacenaje-logistica-1024x683.jpg","contentUrl":"http:\/\/arqmariaflores.com\/wp-content\/uploads\/2020\/09\/almacenaje-logistica-1024x683.jpg"},{"@type":"BreadcrumbList","@id":"https:\/\/cegal.com.mx\/en\/almacenaje-y-logistica\/#breadcrumb","itemListElement":[{"@type":"ListItem","position":1,"name":"Inicio","item":"http:\/\/cegal.com.mx\/"},{"@type":"ListItem","position":2,"name":"Almacenaje y Log\u00edstica"}]},{"@type":"WebSite","@id":"http:\/\/cegal.com.mx\/#website","url":"http:\/\/cegal.com.mx\/","name":"CEGAL","description":"Soluciones Industriales","publisher":{"@id":"http:\/\/cegal.com.mx\/#organization"},"potentialAction":[{"@type":"SearchAction","target":{"@type":"EntryPoint","urlTemplate":"http:\/\/cegal.com.mx\/?s={search_term_string}"},"query-input":{"@type":"PropertyValueSpecification","valueRequired":true,"valueName":"search_term_string"}}],"inLanguage":"en-US"},{"@type":"Organization","@id":"http:\/\/cegal.com.mx\/#organization","name":"CEGAL","url":"http:\/\/cegal.com.mx\/","logo":{"@type":"ImageObject","inLanguage":"en-US","@id":"http:\/\/cegal.com.mx\/#\/schema\/logo\/image\/","url":"https:\/\/cegal.com.mx\/wp-content\/uploads\/2020\/08\/LOGO-CEGAL.png","contentUrl":"https:\/\/cegal.com.mx\/wp-content\/uploads\/2020\/08\/LOGO-CEGAL.png","width":310,"height":240,"caption":"CEGAL"},"image":{"@id":"http:\/\/cegal.com.mx\/#\/schema\/logo\/image\/"}}]}},"_links":{"self":[{"href":"https:\/\/cegal.com.mx\/en\/wp-json\/wp\/v2\/pages\/224","targetHints":{"allow":["GET"]}}],"collection":[{"href":"https:\/\/cegal.com.mx\/en\/wp-json\/wp\/v2\/pages"}],"about":[{"href":"https:\/\/cegal.com.mx\/en\/wp-json\/wp\/v2\/types\/page"}],"author":[{"embeddable":true,"href":"https:\/\/cegal.com.mx\/en\/wp-json\/wp\/v2\/users\/1"}],"replies":[{"embeddable":true,"href":"https:\/\/cegal.com.mx\/en\/wp-json\/wp\/v2\/comments?post=224"}],"version-history":[{"count":8,"href":"https:\/\/cegal.com.mx\/en\/wp-json\/wp\/v2\/pages\/224\/revisions"}],"predecessor-version":[{"id":414,"href":"https:\/\/cegal.com.mx\/en\/wp-json\/wp\/v2\/pages\/224\/revisions\/414"}],"wp:attachment":[{"href":"https:\/\/cegal.com.mx\/en\/wp-json\/wp\/v2\/media?parent=224"}],"curies":[{"name":"wp","href":"https:\/\/api.w.org\/{rel}","templated":true}]}}