{"id":229,"date":"2020-08-14T13:10:20","date_gmt":"2020-08-14T18:10:20","guid":{"rendered":"http:\/\/arqmariaflores.com\/?page_id=229"},"modified":"2020-09-22T01:16:34","modified_gmt":"2020-09-22T06:16:34","slug":"arranque-de-operaciones","status":"publish","type":"page","link":"https:\/\/cegal.com.mx\/en\/arranque-de-operaciones\/","title":{"rendered":"Start of Operations"},"content":{"rendered":"<div data-elementor-type=\"wp-page\" data-elementor-id=\"229\" class=\"elementor elementor-229\" data-elementor-post-type=\"page\">\n\t\t\t\t\t\t<section class=\"elementor-section elementor-top-section elementor-element elementor-element-49b2d18f elementor-section-stretched elementor-section-full_width elementor-section-height-min-height elementor-section-height-default elementor-section-items-middle\" data-id=\"49b2d18f\" data-element_type=\"section\" data-settings=\"{&quot;stretch_section&quot;:&quot;section-stretched&quot;,&quot;background_background&quot;:&quot;classic&quot;}\">\n\t\t\t\t\t\t\t<div class=\"elementor-background-overlay\"><\/div>\n\t\t\t\t\t\t\t<div class=\"elementor-container elementor-column-gap-default\">\n\t\t\t\t\t<div class=\"elementor-column elementor-col-100 elementor-top-column elementor-element elementor-element-22b9b272\" data-id=\"22b9b272\" data-element_type=\"column\">\n\t\t\t<div class=\"elementor-widget-wrap elementor-element-populated\">\n\t\t\t\t\t\t<div class=\"elementor-element elementor-element-806864c elementor-widget elementor-widget-heading\" data-id=\"806864c\" data-element_type=\"widget\" data-widget_type=\"heading.default\">\n\t\t\t\t<div class=\"elementor-widget-container\">\n\t\t\t\t\t<h2 class=\"elementor-heading-title elementor-size-default\">Start of Operations<\/h2>\t\t\t\t<\/div>\n\t\t\t\t<\/div>\n\t\t\t\t\t<\/div>\n\t\t<\/div>\n\t\t\t\t\t<\/div>\n\t\t<\/section>\n\t\t\t\t<section class=\"elementor-section elementor-top-section elementor-element elementor-element-cf00a8a elementor-section-boxed elementor-section-height-default elementor-section-height-default\" data-id=\"cf00a8a\" data-element_type=\"section\">\n\t\t\t\t\t\t<div class=\"elementor-container elementor-column-gap-default\">\n\t\t\t\t\t<div class=\"elementor-column elementor-col-50 elementor-top-column elementor-element elementor-element-ef6a39a\" data-id=\"ef6a39a\" data-element_type=\"column\">\n\t\t\t<div class=\"elementor-widget-wrap elementor-element-populated\">\n\t\t\t\t\t\t<div class=\"elementor-element elementor-element-4ef768d elementor-widget elementor-widget-text-editor\" data-id=\"4ef768d\" data-element_type=\"widget\" data-widget_type=\"text-editor.default\">\n\t\t\t\t<div class=\"elementor-widget-container\">\n\t\t\t\t\t\t\t\t\t<p>With the support of a group of experts on the subject, we facilitate and optimize the start-up of your operations in Mexico, we offer advice on the following points to speed up the start of your operations in our country.<\/p>\t\t\t\t\t\t\t\t<\/div>\n\t\t\t\t<\/div>\n\t\t\t\t<div class=\"elementor-element elementor-element-3c144d3 elementor-icon-list--layout-traditional elementor-list-item-link-full_width elementor-widget elementor-widget-icon-list\" data-id=\"3c144d3\" data-element_type=\"widget\" data-widget_type=\"icon-list.default\">\n\t\t\t\t<div class=\"elementor-widget-container\">\n\t\t\t\t\t\t\t<ul class=\"elementor-icon-list-items\">\n\t\t\t\t\t\t\t<li class=\"elementor-icon-list-item\">\n\t\t\t\t\t\t\t\t\t\t\t<span class=\"elementor-icon-list-icon\">\n\t\t\t\t\t\t\t<i aria-hidden=\"true\" class=\"fas fa-check\"><\/i>\t\t\t\t\t\t<\/span>\n\t\t\t\t\t\t\t\t\t\t<span class=\"elementor-icon-list-text\">Company creation<\/span>\n\t\t\t\t\t\t\t\t\t<\/li>\n\t\t\t\t\t\t\t\t<li class=\"elementor-icon-list-item\">\n\t\t\t\t\t\t\t\t\t\t\t<span class=\"elementor-icon-list-icon\">\n\t\t\t\t\t\t\t<i aria-hidden=\"true\" class=\"fas fa-check\"><\/i>\t\t\t\t\t\t<\/span>\n\t\t\t\t\t\t\t\t\t\t<span class=\"elementor-icon-list-text\">Communication with SAT and IMSS<\/span>\n\t\t\t\t\t\t\t\t\t<\/li>\n\t\t\t\t\t\t\t\t<li class=\"elementor-icon-list-item\">\n\t\t\t\t\t\t\t\t\t\t\t<span class=\"elementor-icon-list-icon\">\n\t\t\t\t\t\t\t<i aria-hidden=\"true\" class=\"fas fa-check\"><\/i>\t\t\t\t\t\t<\/span>\n\t\t\t\t\t\t\t\t\t\t<span class=\"elementor-icon-list-text\">Building and land use permits<\/span>\n\t\t\t\t\t\t\t\t\t<\/li>\n\t\t\t\t\t\t\t\t<li class=\"elementor-icon-list-item\">\n\t\t\t\t\t\t\t\t\t\t\t<span class=\"elementor-icon-list-icon\">\n\t\t\t\t\t\t\t<i aria-hidden=\"true\" class=\"fas fa-check\"><\/i>\t\t\t\t\t\t<\/span>\n\t\t\t\t\t\t\t\t\t\t<span class=\"elementor-icon-list-text\">Environment permits<\/span>\n\t\t\t\t\t\t\t\t\t<\/li>\n\t\t\t\t\t\t\t\t<li class=\"elementor-icon-list-item\">\n\t\t\t\t\t\t\t\t\t\t\t<span class=\"elementor-icon-list-icon\">\n\t\t\t\t\t\t\t<i aria-hidden=\"true\" class=\"fas fa-check\"><\/i>\t\t\t\t\t\t<\/span>\n\t\t\t\t\t\t\t\t\t\t<span class=\"elementor-icon-list-text\">Processing of permits for foreign personnel who need to work in Mexico<\/span>\n\t\t\t\t\t\t\t\t\t<\/li>\n\t\t\t\t\t\t\t\t<li class=\"elementor-icon-list-item\">\n\t\t\t\t\t\t\t\t\t\t\t<span class=\"elementor-icon-list-icon\">\n\t\t\t\t\t\t\t<i aria-hidden=\"true\" class=\"fas fa-check\"><\/i>\t\t\t\t\t\t<\/span>\n\t\t\t\t\t\t\t\t\t\t<span class=\"elementor-icon-list-text\">Labor and legal advice<\/span>\n\t\t\t\t\t\t\t\t\t<\/li>\n\t\t\t\t\t\t<\/ul>\n\t\t\t\t\t\t<\/div>\n\t\t\t\t<\/div>\n\t\t\t\t\t<\/div>\n\t\t<\/div>\n\t\t\t\t<div class=\"elementor-column elementor-col-50 elementor-top-column elementor-element elementor-element-616d06d\" data-id=\"616d06d\" data-element_type=\"column\">\n\t\t\t<div class=\"elementor-widget-wrap elementor-element-populated\">\n\t\t\t\t\t\t<div class=\"elementor-element elementor-element-1561992 elementor-widget elementor-widget-image\" data-id=\"1561992\" data-element_type=\"widget\" data-widget_type=\"image.default\">\n\t\t\t\t<div class=\"elementor-widget-container\">\n\t\t\t\t\t\t\t\t\t\t\t\t\t\t\t<img fetchpriority=\"high\" decoding=\"async\" width=\"800\" height=\"371\" src=\"https:\/\/cegal.com.mx\/wp-content\/uploads\/2020\/09\/arranque-de-operaciones.jpg\" class=\"attachment-large size-large wp-image-366\" alt=\"\" srcset=\"https:\/\/cegal.com.mx\/wp-content\/uploads\/2020\/09\/arranque-de-operaciones.jpg 970w, https:\/\/cegal.com.mx\/wp-content\/uploads\/2020\/09\/arranque-de-operaciones-300x139.jpg 300w, https:\/\/cegal.com.mx\/wp-content\/uploads\/2020\/09\/arranque-de-operaciones-768x356.jpg 768w\" sizes=\"(max-width: 800px) 100vw, 800px\" \/>\t\t\t\t\t\t\t\t\t\t\t\t\t\t\t<\/div>\n\t\t\t\t<\/div>\n\t\t\t\t\t<\/div>\n\t\t<\/div>\n\t\t\t\t\t<\/div>\n\t\t<\/section>\n\t\t\t\t<\/div>","protected":false},"excerpt":{"rendered":"<p>Arranque de Operaciones Con el apoyo de un grupo de expertos en el tema facilitamos y optimizamos el arranque de sus operaciones en M\u00e9xico, ofrecemos asesor\u00eda en los siguientes puntos para agilizar el inicio de sus operaciones en nuestro pa\u00eds. Creaci\u00f3n de empresa Comunicaci\u00f3n con SAT e IMSS Permisos de construcci\u00f3n y uso de suelo [&hellip;]<\/p>","protected":false},"author":1,"featured_media":0,"parent":0,"menu_order":0,"comment_status":"closed","ping_status":"closed","template":"elementor_header_footer","meta":{"_joinchat":[],"footnotes":""},"class_list":["post-229","page","type-page","status-publish","hentry"],"yoast_head":"<!-- This site is optimized with the Yoast SEO plugin v26.5 - https:\/\/yoast.com\/wordpress\/plugins\/seo\/ -->\n<title>Arranque de Operaciones - CEGAL<\/title>\n<meta name=\"robots\" content=\"index, follow, max-snippet:-1, max-image-preview:large, max-video-preview:-1\" \/>\n<link rel=\"canonical\" href=\"https:\/\/cegal.com.mx\/en\/arranque-de-operaciones\/\" \/>\n<meta property=\"og:locale\" content=\"en_US\" \/>\n<meta property=\"og:type\" content=\"article\" \/>\n<meta property=\"og:title\" content=\"Arranque de Operaciones - CEGAL\" \/>\n<meta property=\"og:description\" content=\"Arranque de Operaciones Con el apoyo de un grupo de expertos en el tema facilitamos y optimizamos el arranque de sus operaciones en M\u00e9xico, ofrecemos asesor\u00eda en los siguientes puntos para agilizar el inicio de sus operaciones en nuestro pa\u00eds. Creaci\u00f3n de empresa Comunicaci\u00f3n con SAT e IMSS Permisos de construcci\u00f3n y uso de suelo [&hellip;]\" \/>\n<meta property=\"og:url\" content=\"https:\/\/cegal.com.mx\/en\/arranque-de-operaciones\/\" \/>\n<meta property=\"og:site_name\" content=\"CEGAL\" \/>\n<meta property=\"article:modified_time\" content=\"2020-09-22T06:16:34+00:00\" \/>\n<meta property=\"og:image\" content=\"http:\/\/arqmariaflores.com\/wp-content\/uploads\/2020\/09\/arranque-de-operaciones.jpg\" \/>\n<meta name=\"twitter:card\" content=\"summary_large_image\" \/>\n<script type=\"application\/ld+json\" class=\"yoast-schema-graph\">{\"@context\":\"https:\/\/schema.org\",\"@graph\":[{\"@type\":\"WebPage\",\"@id\":\"https:\/\/cegal.com.mx\/arranque-de-operaciones\/\",\"url\":\"https:\/\/cegal.com.mx\/arranque-de-operaciones\/\",\"name\":\"Arranque de Operaciones - CEGAL\",\"isPartOf\":{\"@id\":\"http:\/\/cegal.com.mx\/#website\"},\"primaryImageOfPage\":{\"@id\":\"https:\/\/cegal.com.mx\/arranque-de-operaciones\/#primaryimage\"},\"image\":{\"@id\":\"https:\/\/cegal.com.mx\/arranque-de-operaciones\/#primaryimage\"},\"thumbnailUrl\":\"http:\/\/arqmariaflores.com\/wp-content\/uploads\/2020\/09\/arranque-de-operaciones.jpg\",\"datePublished\":\"2020-08-14T18:10:20+00:00\",\"dateModified\":\"2020-09-22T06:16:34+00:00\",\"breadcrumb\":{\"@id\":\"https:\/\/cegal.com.mx\/arranque-de-operaciones\/#breadcrumb\"},\"inLanguage\":\"en-US\",\"potentialAction\":[{\"@type\":\"ReadAction\",\"target\":[\"https:\/\/cegal.com.mx\/arranque-de-operaciones\/\"]}]},{\"@type\":\"ImageObject\",\"inLanguage\":\"en-US\",\"@id\":\"https:\/\/cegal.com.mx\/arranque-de-operaciones\/#primaryimage\",\"url\":\"http:\/\/arqmariaflores.com\/wp-content\/uploads\/2020\/09\/arranque-de-operaciones.jpg\",\"contentUrl\":\"http:\/\/arqmariaflores.com\/wp-content\/uploads\/2020\/09\/arranque-de-operaciones.jpg\"},{\"@type\":\"BreadcrumbList\",\"@id\":\"https:\/\/cegal.com.mx\/arranque-de-operaciones\/#breadcrumb\",\"itemListElement\":[{\"@type\":\"ListItem\",\"position\":1,\"name\":\"Inicio\",\"item\":\"http:\/\/cegal.com.mx\/\"},{\"@type\":\"ListItem\",\"position\":2,\"name\":\"Arranque de Operaciones\"}]},{\"@type\":\"WebSite\",\"@id\":\"http:\/\/cegal.com.mx\/#website\",\"url\":\"http:\/\/cegal.com.mx\/\",\"name\":\"CEGAL\",\"description\":\"Soluciones Industriales\",\"publisher\":{\"@id\":\"http:\/\/cegal.com.mx\/#organization\"},\"potentialAction\":[{\"@type\":\"SearchAction\",\"target\":{\"@type\":\"EntryPoint\",\"urlTemplate\":\"http:\/\/cegal.com.mx\/?s={search_term_string}\"},\"query-input\":{\"@type\":\"PropertyValueSpecification\",\"valueRequired\":true,\"valueName\":\"search_term_string\"}}],\"inLanguage\":\"en-US\"},{\"@type\":\"Organization\",\"@id\":\"http:\/\/cegal.com.mx\/#organization\",\"name\":\"CEGAL\",\"url\":\"http:\/\/cegal.com.mx\/\",\"logo\":{\"@type\":\"ImageObject\",\"inLanguage\":\"en-US\",\"@id\":\"http:\/\/cegal.com.mx\/#\/schema\/logo\/image\/\",\"url\":\"https:\/\/cegal.com.mx\/wp-content\/uploads\/2020\/08\/LOGO-CEGAL.png\",\"contentUrl\":\"https:\/\/cegal.com.mx\/wp-content\/uploads\/2020\/08\/LOGO-CEGAL.png\",\"width\":310,\"height\":240,\"caption\":\"CEGAL\"},\"image\":{\"@id\":\"http:\/\/cegal.com.mx\/#\/schema\/logo\/image\/\"}}]}<\/script>\n<!-- \/ Yoast SEO plugin. -->","yoast_head_json":{"title":"Arranque de Operaciones - CEGAL","robots":{"index":"index","follow":"follow","max-snippet":"max-snippet:-1","max-image-preview":"max-image-preview:large","max-video-preview":"max-video-preview:-1"},"canonical":"https:\/\/cegal.com.mx\/en\/arranque-de-operaciones\/","og_locale":"en_US","og_type":"article","og_title":"Arranque de Operaciones - CEGAL","og_description":"Arranque de Operaciones Con el apoyo de un grupo de expertos en el tema facilitamos y optimizamos el arranque de sus operaciones en M\u00e9xico, ofrecemos asesor\u00eda en los siguientes puntos para agilizar el inicio de sus operaciones en nuestro pa\u00eds. Creaci\u00f3n de empresa Comunicaci\u00f3n con SAT e IMSS Permisos de construcci\u00f3n y uso de suelo [&hellip;]","og_url":"https:\/\/cegal.com.mx\/en\/arranque-de-operaciones\/","og_site_name":"CEGAL","article_modified_time":"2020-09-22T06:16:34+00:00","og_image":[{"url":"http:\/\/arqmariaflores.com\/wp-content\/uploads\/2020\/09\/arranque-de-operaciones.jpg","type":"","width":"","height":""}],"twitter_card":"summary_large_image","schema":{"@context":"https:\/\/schema.org","@graph":[{"@type":"WebPage","@id":"https:\/\/cegal.com.mx\/arranque-de-operaciones\/","url":"https:\/\/cegal.com.mx\/arranque-de-operaciones\/","name":"Arranque de Operaciones - CEGAL","isPartOf":{"@id":"http:\/\/cegal.com.mx\/#website"},"primaryImageOfPage":{"@id":"https:\/\/cegal.com.mx\/arranque-de-operaciones\/#primaryimage"},"image":{"@id":"https:\/\/cegal.com.mx\/arranque-de-operaciones\/#primaryimage"},"thumbnailUrl":"http:\/\/arqmariaflores.com\/wp-content\/uploads\/2020\/09\/arranque-de-operaciones.jpg","datePublished":"2020-08-14T18:10:20+00:00","dateModified":"2020-09-22T06:16:34+00:00","breadcrumb":{"@id":"https:\/\/cegal.com.mx\/arranque-de-operaciones\/#breadcrumb"},"inLanguage":"en-US","potentialAction":[{"@type":"ReadAction","target":["https:\/\/cegal.com.mx\/arranque-de-operaciones\/"]}]},{"@type":"ImageObject","inLanguage":"en-US","@id":"https:\/\/cegal.com.mx\/arranque-de-operaciones\/#primaryimage","url":"http:\/\/arqmariaflores.com\/wp-content\/uploads\/2020\/09\/arranque-de-operaciones.jpg","contentUrl":"http:\/\/arqmariaflores.com\/wp-content\/uploads\/2020\/09\/arranque-de-operaciones.jpg"},{"@type":"BreadcrumbList","@id":"https:\/\/cegal.com.mx\/arranque-de-operaciones\/#breadcrumb","itemListElement":[{"@type":"ListItem","position":1,"name":"Inicio","item":"http:\/\/cegal.com.mx\/"},{"@type":"ListItem","position":2,"name":"Arranque de Operaciones"}]},{"@type":"WebSite","@id":"http:\/\/cegal.com.mx\/#website","url":"http:\/\/cegal.com.mx\/","name":"CEGAL","description":"Soluciones Industriales","publisher":{"@id":"http:\/\/cegal.com.mx\/#organization"},"potentialAction":[{"@type":"SearchAction","target":{"@type":"EntryPoint","urlTemplate":"http:\/\/cegal.com.mx\/?s={search_term_string}"},"query-input":{"@type":"PropertyValueSpecification","valueRequired":true,"valueName":"search_term_string"}}],"inLanguage":"en-US"},{"@type":"Organization","@id":"http:\/\/cegal.com.mx\/#organization","name":"CEGAL","url":"http:\/\/cegal.com.mx\/","logo":{"@type":"ImageObject","inLanguage":"en-US","@id":"http:\/\/cegal.com.mx\/#\/schema\/logo\/image\/","url":"https:\/\/cegal.com.mx\/wp-content\/uploads\/2020\/08\/LOGO-CEGAL.png","contentUrl":"https:\/\/cegal.com.mx\/wp-content\/uploads\/2020\/08\/LOGO-CEGAL.png","width":310,"height":240,"caption":"CEGAL"},"image":{"@id":"http:\/\/cegal.com.mx\/#\/schema\/logo\/image\/"}}]}},"_links":{"self":[{"href":"https:\/\/cegal.com.mx\/en\/wp-json\/wp\/v2\/pages\/229","targetHints":{"allow":["GET"]}}],"collection":[{"href":"https:\/\/cegal.com.mx\/en\/wp-json\/wp\/v2\/pages"}],"about":[{"href":"https:\/\/cegal.com.mx\/en\/wp-json\/wp\/v2\/types\/page"}],"author":[{"embeddable":true,"href":"https:\/\/cegal.com.mx\/en\/wp-json\/wp\/v2\/users\/1"}],"replies":[{"embeddable":true,"href":"https:\/\/cegal.com.mx\/en\/wp-json\/wp\/v2\/comments?post=229"}],"version-history":[{"count":6,"href":"https:\/\/cegal.com.mx\/en\/wp-json\/wp\/v2\/pages\/229\/revisions"}],"predecessor-version":[{"id":385,"href":"https:\/\/cegal.com.mx\/en\/wp-json\/wp\/v2\/pages\/229\/revisions\/385"}],"wp:attachment":[{"href":"https:\/\/cegal.com.mx\/en\/wp-json\/wp\/v2\/media?parent=229"}],"curies":[{"name":"wp","href":"https:\/\/api.w.org\/{rel}","templated":true}]}}