{"id":234,"date":"2020-08-14T13:14:32","date_gmt":"2020-08-14T18:14:32","guid":{"rendered":"http:\/\/arqmariaflores.com\/?page_id=234"},"modified":"2020-09-28T13:03:54","modified_gmt":"2020-09-28T18:03:54","slug":"localizacion-y-desarrollo-de-proveedores","status":"publish","type":"page","link":"https:\/\/cegal.com.mx\/en\/localizacion-y-desarrollo-de-proveedores\/","title":{"rendered":"Location and Development of Suppliers"},"content":{"rendered":"<div data-elementor-type=\"wp-page\" data-elementor-id=\"234\" class=\"elementor elementor-234\" data-elementor-post-type=\"page\">\n\t\t\t\t\t\t<section class=\"elementor-section elementor-top-section elementor-element elementor-element-3043b74a elementor-section-stretched elementor-section-full_width elementor-section-height-min-height elementor-section-height-default elementor-section-items-middle\" data-id=\"3043b74a\" data-element_type=\"section\" data-settings=\"{&quot;stretch_section&quot;:&quot;section-stretched&quot;,&quot;background_background&quot;:&quot;classic&quot;}\">\n\t\t\t\t\t\t\t<div class=\"elementor-background-overlay\"><\/div>\n\t\t\t\t\t\t\t<div class=\"elementor-container elementor-column-gap-default\">\n\t\t\t\t\t<div class=\"elementor-column elementor-col-100 elementor-top-column elementor-element elementor-element-67bb7908\" data-id=\"67bb7908\" data-element_type=\"column\">\n\t\t\t<div class=\"elementor-widget-wrap elementor-element-populated\">\n\t\t\t\t\t\t<div class=\"elementor-element elementor-element-7aef0aae elementor-widget elementor-widget-heading\" data-id=\"7aef0aae\" data-element_type=\"widget\" data-widget_type=\"heading.default\">\n\t\t\t\t<div class=\"elementor-widget-container\">\n\t\t\t\t\t<h2 class=\"elementor-heading-title elementor-size-default\">Location and Development of Suppliers<\/h2>\t\t\t\t<\/div>\n\t\t\t\t<\/div>\n\t\t\t\t\t<\/div>\n\t\t<\/div>\n\t\t\t\t\t<\/div>\n\t\t<\/section>\n\t\t\t\t<section class=\"elementor-section elementor-top-section elementor-element elementor-element-a31cd75 elementor-section-boxed elementor-section-height-default elementor-section-height-default\" data-id=\"a31cd75\" data-element_type=\"section\">\n\t\t\t\t\t\t<div class=\"elementor-container elementor-column-gap-default\">\n\t\t\t\t\t<div class=\"elementor-column elementor-col-50 elementor-top-column elementor-element elementor-element-ac36b81\" data-id=\"ac36b81\" data-element_type=\"column\">\n\t\t\t<div class=\"elementor-widget-wrap elementor-element-populated\">\n\t\t\t\t\t\t<div class=\"elementor-element elementor-element-8578331 elementor-widget elementor-widget-text-editor\" data-id=\"8578331\" data-element_type=\"widget\" data-widget_type=\"text-editor.default\">\n\t\t\t\t<div class=\"elementor-widget-container\">\n\t\t\t\t\t\t\t\t\t<p>We take care of offering a supplier catalog to your company in order to support you in the productivity of your business.<\/p><p><br \/>In a coordinated manner with the client, the performance of the suppliers will be evaluated to ensure continuous improvement and development in specific areas that are crucial for the end client.<\/p>\t\t\t\t\t\t\t\t<\/div>\n\t\t\t\t<\/div>\n\t\t\t\t<div class=\"elementor-element elementor-element-e963b4e elementor-widget elementor-widget-text-editor\" data-id=\"e963b4e\" data-element_type=\"widget\" data-widget_type=\"text-editor.default\">\n\t\t\t\t<div class=\"elementor-widget-container\">\n\t\t\t\t\t\t\t\t\t<p>Benefits and advantages:<\/p>\t\t\t\t\t\t\t\t<\/div>\n\t\t\t\t<\/div>\n\t\t\t\t<div class=\"elementor-element elementor-element-9f8b22d elementor-icon-list--layout-traditional elementor-list-item-link-full_width elementor-widget elementor-widget-icon-list\" data-id=\"9f8b22d\" data-element_type=\"widget\" data-widget_type=\"icon-list.default\">\n\t\t\t\t<div class=\"elementor-widget-container\">\n\t\t\t\t\t\t\t<ul class=\"elementor-icon-list-items\">\n\t\t\t\t\t\t\t<li class=\"elementor-icon-list-item\">\n\t\t\t\t\t\t\t\t\t\t\t<span class=\"elementor-icon-list-icon\">\n\t\t\t\t\t\t\t<i aria-hidden=\"true\" class=\"fas fa-check\"><\/i>\t\t\t\t\t\t<\/span>\n\t\t\t\t\t\t\t\t\t\t<span class=\"elementor-icon-list-text\">Guarantee in quality of service<\/span>\n\t\t\t\t\t\t\t\t\t<\/li>\n\t\t\t\t\t\t\t\t<li class=\"elementor-icon-list-item\">\n\t\t\t\t\t\t\t\t\t\t\t<span class=\"elementor-icon-list-icon\">\n\t\t\t\t\t\t\t<i aria-hidden=\"true\" class=\"fas fa-check\"><\/i>\t\t\t\t\t\t<\/span>\n\t\t\t\t\t\t\t\t\t\t<span class=\"elementor-icon-list-text\">Qualification and continuous improvement<\/span>\n\t\t\t\t\t\t\t\t\t<\/li>\n\t\t\t\t\t\t\t\t<li class=\"elementor-icon-list-item\">\n\t\t\t\t\t\t\t\t\t\t\t<span class=\"elementor-icon-list-icon\">\n\t\t\t\t\t\t\t<i aria-hidden=\"true\" class=\"fas fa-check\"><\/i>\t\t\t\t\t\t<\/span>\n\t\t\t\t\t\t\t\t\t\t<span class=\"elementor-icon-list-text\">Resource Optimization<\/span>\n\t\t\t\t\t\t\t\t\t<\/li>\n\t\t\t\t\t\t\t\t<li class=\"elementor-icon-list-item\">\n\t\t\t\t\t\t\t\t\t\t\t<span class=\"elementor-icon-list-icon\">\n\t\t\t\t\t\t\t<i aria-hidden=\"true\" class=\"fas fa-check\"><\/i>\t\t\t\t\t\t<\/span>\n\t\t\t\t\t\t\t\t\t\t<span class=\"elementor-icon-list-text\">Productivity measurement<\/span>\n\t\t\t\t\t\t\t\t\t<\/li>\n\t\t\t\t\t\t\t\t<li class=\"elementor-icon-list-item\">\n\t\t\t\t\t\t\t\t\t\t\t<span class=\"elementor-icon-list-icon\">\n\t\t\t\t\t\t\t<i aria-hidden=\"true\" class=\"fas fa-check\"><\/i>\t\t\t\t\t\t<\/span>\n\t\t\t\t\t\t\t\t\t\t<span class=\"elementor-icon-list-text\">Budget adjustment to client<\/span>\n\t\t\t\t\t\t\t\t\t<\/li>\n\t\t\t\t\t\t\t\t<li class=\"elementor-icon-list-item\">\n\t\t\t\t\t\t\t\t\t\t\t<span class=\"elementor-icon-list-icon\">\n\t\t\t\t\t\t\t<i aria-hidden=\"true\" class=\"fas fa-check\"><\/i>\t\t\t\t\t\t<\/span>\n\t\t\t\t\t\t\t\t\t\t<span class=\"elementor-icon-list-text\">Audits<\/span>\n\t\t\t\t\t\t\t\t\t<\/li>\n\t\t\t\t\t\t\t\t<li class=\"elementor-icon-list-item\">\n\t\t\t\t\t\t\t\t\t\t\t<span class=\"elementor-icon-list-icon\">\n\t\t\t\t\t\t\t<i aria-hidden=\"true\" class=\"fas fa-check\"><\/i>\t\t\t\t\t\t<\/span>\n\t\t\t\t\t\t\t\t\t\t<span class=\"elementor-icon-list-text\">PFEP \/ PPAP compliance<\/span>\n\t\t\t\t\t\t\t\t\t<\/li>\n\t\t\t\t\t\t<\/ul>\n\t\t\t\t\t\t<\/div>\n\t\t\t\t<\/div>\n\t\t\t\t\t<\/div>\n\t\t<\/div>\n\t\t\t\t<div class=\"elementor-column elementor-col-50 elementor-top-column elementor-element elementor-element-499f005\" data-id=\"499f005\" data-element_type=\"column\">\n\t\t\t<div class=\"elementor-widget-wrap elementor-element-populated\">\n\t\t\t\t\t\t<div class=\"elementor-element elementor-element-81153a9 elementor-widget elementor-widget-image\" data-id=\"81153a9\" data-element_type=\"widget\" data-widget_type=\"image.default\">\n\t\t\t\t<div class=\"elementor-widget-container\">\n\t\t\t\t\t\t\t\t\t\t\t\t\t\t\t<img fetchpriority=\"high\" decoding=\"async\" width=\"800\" height=\"450\" src=\"http:\/\/cegal.com.mx\/wp-content\/uploads\/2020\/09\/proveedores-1024x576.jpeg\" class=\"attachment-large size-large wp-image-368\" alt=\"\" srcset=\"http:\/\/cegal.com.mx\/wp-content\/uploads\/2020\/09\/proveedores-1024x576.jpeg 1024w, http:\/\/cegal.com.mx\/wp-content\/uploads\/2020\/09\/proveedores-300x169.jpeg 300w, http:\/\/cegal.com.mx\/wp-content\/uploads\/2020\/09\/proveedores-768x432.jpeg 768w, http:\/\/cegal.com.mx\/wp-content\/uploads\/2020\/09\/proveedores.jpeg 1500w\" sizes=\"(max-width: 800px) 100vw, 800px\" \/>\t\t\t\t\t\t\t\t\t\t\t\t\t\t\t<\/div>\n\t\t\t\t<\/div>\n\t\t\t\t\t<\/div>\n\t\t<\/div>\n\t\t\t\t\t<\/div>\n\t\t<\/section>\n\t\t\t\t<\/div>","protected":false},"excerpt":{"rendered":"<p>Localizaci\u00f3n y Desarrollo de Proveedores Nos encargamos en ofrecer un cat\u00e1logo de proveedores a su empresa con el fin de apoyarle en la productividad de su negocio. En forma coordinada con el cliente se estar\u00e1 evaluando el desempe\u00f1o de los proveedores para asegurar la mejora continua y el desarrollo en \u00e1reas espec\u00edficas que sean cruciales [&hellip;]<\/p>","protected":false},"author":1,"featured_media":0,"parent":0,"menu_order":0,"comment_status":"closed","ping_status":"closed","template":"elementor_header_footer","meta":{"_joinchat":[],"footnotes":""},"class_list":["post-234","page","type-page","status-publish","hentry"],"yoast_head":"<!-- This site is optimized with the Yoast SEO plugin v26.5 - https:\/\/yoast.com\/wordpress\/plugins\/seo\/ -->\n<title>Localizaci\u00f3n y Desarrollo de Proveedores - CEGAL<\/title>\n<meta name=\"robots\" content=\"index, follow, max-snippet:-1, max-image-preview:large, max-video-preview:-1\" \/>\n<link rel=\"canonical\" href=\"https:\/\/cegal.com.mx\/en\/localizacion-y-desarrollo-de-proveedores\/\" \/>\n<meta property=\"og:locale\" content=\"en_US\" \/>\n<meta property=\"og:type\" content=\"article\" \/>\n<meta property=\"og:title\" content=\"Localizaci\u00f3n y Desarrollo de Proveedores - CEGAL\" \/>\n<meta property=\"og:description\" content=\"Localizaci\u00f3n y Desarrollo de Proveedores Nos encargamos en ofrecer un cat\u00e1logo de proveedores a su empresa con el fin de apoyarle en la productividad de su negocio. En forma coordinada con el cliente se estar\u00e1 evaluando el desempe\u00f1o de los proveedores para asegurar la mejora continua y el desarrollo en \u00e1reas espec\u00edficas que sean cruciales [&hellip;]\" \/>\n<meta property=\"og:url\" content=\"https:\/\/cegal.com.mx\/en\/localizacion-y-desarrollo-de-proveedores\/\" \/>\n<meta property=\"og:site_name\" content=\"CEGAL\" \/>\n<meta property=\"article:modified_time\" content=\"2020-09-28T18:03:54+00:00\" \/>\n<meta property=\"og:image\" content=\"http:\/\/arqmariaflores.com\/wp-content\/uploads\/2020\/09\/proveedores-1024x576.jpeg\" \/>\n<meta name=\"twitter:card\" content=\"summary_large_image\" \/>\n<script type=\"application\/ld+json\" class=\"yoast-schema-graph\">{\"@context\":\"https:\/\/schema.org\",\"@graph\":[{\"@type\":\"WebPage\",\"@id\":\"https:\/\/cegal.com.mx\/en\/localizacion-y-desarrollo-de-proveedores\/\",\"url\":\"https:\/\/cegal.com.mx\/en\/localizacion-y-desarrollo-de-proveedores\/\",\"name\":\"Localizaci\u00f3n y Desarrollo de Proveedores - CEGAL\",\"isPartOf\":{\"@id\":\"http:\/\/cegal.com.mx\/#website\"},\"primaryImageOfPage\":{\"@id\":\"https:\/\/cegal.com.mx\/en\/localizacion-y-desarrollo-de-proveedores\/#primaryimage\"},\"image\":{\"@id\":\"https:\/\/cegal.com.mx\/en\/localizacion-y-desarrollo-de-proveedores\/#primaryimage\"},\"thumbnailUrl\":\"http:\/\/arqmariaflores.com\/wp-content\/uploads\/2020\/09\/proveedores-1024x576.jpeg\",\"datePublished\":\"2020-08-14T18:14:32+00:00\",\"dateModified\":\"2020-09-28T18:03:54+00:00\",\"breadcrumb\":{\"@id\":\"https:\/\/cegal.com.mx\/en\/localizacion-y-desarrollo-de-proveedores\/#breadcrumb\"},\"inLanguage\":\"en-US\",\"potentialAction\":[{\"@type\":\"ReadAction\",\"target\":[\"https:\/\/cegal.com.mx\/en\/localizacion-y-desarrollo-de-proveedores\/\"]}]},{\"@type\":\"ImageObject\",\"inLanguage\":\"en-US\",\"@id\":\"https:\/\/cegal.com.mx\/en\/localizacion-y-desarrollo-de-proveedores\/#primaryimage\",\"url\":\"http:\/\/arqmariaflores.com\/wp-content\/uploads\/2020\/09\/proveedores-1024x576.jpeg\",\"contentUrl\":\"http:\/\/arqmariaflores.com\/wp-content\/uploads\/2020\/09\/proveedores-1024x576.jpeg\"},{\"@type\":\"BreadcrumbList\",\"@id\":\"https:\/\/cegal.com.mx\/en\/localizacion-y-desarrollo-de-proveedores\/#breadcrumb\",\"itemListElement\":[{\"@type\":\"ListItem\",\"position\":1,\"name\":\"Inicio\",\"item\":\"http:\/\/cegal.com.mx\/\"},{\"@type\":\"ListItem\",\"position\":2,\"name\":\"Localizaci\u00f3n y Desarrollo de Proveedores\"}]},{\"@type\":\"WebSite\",\"@id\":\"http:\/\/cegal.com.mx\/#website\",\"url\":\"http:\/\/cegal.com.mx\/\",\"name\":\"CEGAL\",\"description\":\"Soluciones Industriales\",\"publisher\":{\"@id\":\"http:\/\/cegal.com.mx\/#organization\"},\"potentialAction\":[{\"@type\":\"SearchAction\",\"target\":{\"@type\":\"EntryPoint\",\"urlTemplate\":\"http:\/\/cegal.com.mx\/?s={search_term_string}\"},\"query-input\":{\"@type\":\"PropertyValueSpecification\",\"valueRequired\":true,\"valueName\":\"search_term_string\"}}],\"inLanguage\":\"en-US\"},{\"@type\":\"Organization\",\"@id\":\"http:\/\/cegal.com.mx\/#organization\",\"name\":\"CEGAL\",\"url\":\"http:\/\/cegal.com.mx\/\",\"logo\":{\"@type\":\"ImageObject\",\"inLanguage\":\"en-US\",\"@id\":\"http:\/\/cegal.com.mx\/#\/schema\/logo\/image\/\",\"url\":\"https:\/\/cegal.com.mx\/wp-content\/uploads\/2020\/08\/LOGO-CEGAL.png\",\"contentUrl\":\"https:\/\/cegal.com.mx\/wp-content\/uploads\/2020\/08\/LOGO-CEGAL.png\",\"width\":310,\"height\":240,\"caption\":\"CEGAL\"},\"image\":{\"@id\":\"http:\/\/cegal.com.mx\/#\/schema\/logo\/image\/\"}}]}<\/script>\n<!-- \/ Yoast SEO plugin. -->","yoast_head_json":{"title":"Localizaci\u00f3n y Desarrollo de Proveedores - CEGAL","robots":{"index":"index","follow":"follow","max-snippet":"max-snippet:-1","max-image-preview":"max-image-preview:large","max-video-preview":"max-video-preview:-1"},"canonical":"https:\/\/cegal.com.mx\/en\/localizacion-y-desarrollo-de-proveedores\/","og_locale":"en_US","og_type":"article","og_title":"Localizaci\u00f3n y Desarrollo de Proveedores - CEGAL","og_description":"Localizaci\u00f3n y Desarrollo de Proveedores Nos encargamos en ofrecer un cat\u00e1logo de proveedores a su empresa con el fin de apoyarle en la productividad de su negocio. En forma coordinada con el cliente se estar\u00e1 evaluando el desempe\u00f1o de los proveedores para asegurar la mejora continua y el desarrollo en \u00e1reas espec\u00edficas que sean cruciales [&hellip;]","og_url":"https:\/\/cegal.com.mx\/en\/localizacion-y-desarrollo-de-proveedores\/","og_site_name":"CEGAL","article_modified_time":"2020-09-28T18:03:54+00:00","og_image":[{"url":"http:\/\/arqmariaflores.com\/wp-content\/uploads\/2020\/09\/proveedores-1024x576.jpeg","type":"","width":"","height":""}],"twitter_card":"summary_large_image","schema":{"@context":"https:\/\/schema.org","@graph":[{"@type":"WebPage","@id":"https:\/\/cegal.com.mx\/en\/localizacion-y-desarrollo-de-proveedores\/","url":"https:\/\/cegal.com.mx\/en\/localizacion-y-desarrollo-de-proveedores\/","name":"Localizaci\u00f3n y Desarrollo de Proveedores - CEGAL","isPartOf":{"@id":"http:\/\/cegal.com.mx\/#website"},"primaryImageOfPage":{"@id":"https:\/\/cegal.com.mx\/en\/localizacion-y-desarrollo-de-proveedores\/#primaryimage"},"image":{"@id":"https:\/\/cegal.com.mx\/en\/localizacion-y-desarrollo-de-proveedores\/#primaryimage"},"thumbnailUrl":"http:\/\/arqmariaflores.com\/wp-content\/uploads\/2020\/09\/proveedores-1024x576.jpeg","datePublished":"2020-08-14T18:14:32+00:00","dateModified":"2020-09-28T18:03:54+00:00","breadcrumb":{"@id":"https:\/\/cegal.com.mx\/en\/localizacion-y-desarrollo-de-proveedores\/#breadcrumb"},"inLanguage":"en-US","potentialAction":[{"@type":"ReadAction","target":["https:\/\/cegal.com.mx\/en\/localizacion-y-desarrollo-de-proveedores\/"]}]},{"@type":"ImageObject","inLanguage":"en-US","@id":"https:\/\/cegal.com.mx\/en\/localizacion-y-desarrollo-de-proveedores\/#primaryimage","url":"http:\/\/arqmariaflores.com\/wp-content\/uploads\/2020\/09\/proveedores-1024x576.jpeg","contentUrl":"http:\/\/arqmariaflores.com\/wp-content\/uploads\/2020\/09\/proveedores-1024x576.jpeg"},{"@type":"BreadcrumbList","@id":"https:\/\/cegal.com.mx\/en\/localizacion-y-desarrollo-de-proveedores\/#breadcrumb","itemListElement":[{"@type":"ListItem","position":1,"name":"Inicio","item":"http:\/\/cegal.com.mx\/"},{"@type":"ListItem","position":2,"name":"Localizaci\u00f3n y Desarrollo de Proveedores"}]},{"@type":"WebSite","@id":"http:\/\/cegal.com.mx\/#website","url":"http:\/\/cegal.com.mx\/","name":"CEGAL","description":"Soluciones Industriales","publisher":{"@id":"http:\/\/cegal.com.mx\/#organization"},"potentialAction":[{"@type":"SearchAction","target":{"@type":"EntryPoint","urlTemplate":"http:\/\/cegal.com.mx\/?s={search_term_string}"},"query-input":{"@type":"PropertyValueSpecification","valueRequired":true,"valueName":"search_term_string"}}],"inLanguage":"en-US"},{"@type":"Organization","@id":"http:\/\/cegal.com.mx\/#organization","name":"CEGAL","url":"http:\/\/cegal.com.mx\/","logo":{"@type":"ImageObject","inLanguage":"en-US","@id":"http:\/\/cegal.com.mx\/#\/schema\/logo\/image\/","url":"https:\/\/cegal.com.mx\/wp-content\/uploads\/2020\/08\/LOGO-CEGAL.png","contentUrl":"https:\/\/cegal.com.mx\/wp-content\/uploads\/2020\/08\/LOGO-CEGAL.png","width":310,"height":240,"caption":"CEGAL"},"image":{"@id":"http:\/\/cegal.com.mx\/#\/schema\/logo\/image\/"}}]}},"_links":{"self":[{"href":"https:\/\/cegal.com.mx\/en\/wp-json\/wp\/v2\/pages\/234","targetHints":{"allow":["GET"]}}],"collection":[{"href":"https:\/\/cegal.com.mx\/en\/wp-json\/wp\/v2\/pages"}],"about":[{"href":"https:\/\/cegal.com.mx\/en\/wp-json\/wp\/v2\/types\/page"}],"author":[{"embeddable":true,"href":"https:\/\/cegal.com.mx\/en\/wp-json\/wp\/v2\/users\/1"}],"replies":[{"embeddable":true,"href":"https:\/\/cegal.com.mx\/en\/wp-json\/wp\/v2\/comments?post=234"}],"version-history":[{"count":7,"href":"https:\/\/cegal.com.mx\/en\/wp-json\/wp\/v2\/pages\/234\/revisions"}],"predecessor-version":[{"id":415,"href":"https:\/\/cegal.com.mx\/en\/wp-json\/wp\/v2\/pages\/234\/revisions\/415"}],"wp:attachment":[{"href":"https:\/\/cegal.com.mx\/en\/wp-json\/wp\/v2\/media?parent=234"}],"curies":[{"name":"wp","href":"https:\/\/api.w.org\/{rel}","templated":true}]}}