{"id":241,"date":"2020-08-14T13:17:21","date_gmt":"2020-08-14T18:17:21","guid":{"rendered":"http:\/\/arqmariaflores.com\/?page_id=241"},"modified":"2020-09-28T13:04:14","modified_gmt":"2020-09-28T18:04:14","slug":"real-state-brokerage","status":"publish","type":"page","link":"https:\/\/cegal.com.mx\/en\/real-state-brokerage\/","title":{"rendered":"Real Estate"},"content":{"rendered":"<div data-elementor-type=\"wp-page\" data-elementor-id=\"241\" class=\"elementor elementor-241\" data-elementor-post-type=\"page\">\n\t\t\t\t\t\t<section class=\"elementor-section elementor-top-section elementor-element elementor-element-63f0397f elementor-section-stretched elementor-section-full_width elementor-section-height-min-height elementor-section-height-default elementor-section-items-middle\" data-id=\"63f0397f\" data-element_type=\"section\" data-settings=\"{&quot;stretch_section&quot;:&quot;section-stretched&quot;,&quot;background_background&quot;:&quot;classic&quot;}\">\n\t\t\t\t\t\t\t<div class=\"elementor-background-overlay\"><\/div>\n\t\t\t\t\t\t\t<div class=\"elementor-container elementor-column-gap-default\">\n\t\t\t\t\t<div class=\"elementor-column elementor-col-100 elementor-top-column elementor-element elementor-element-3dd92e7c\" data-id=\"3dd92e7c\" data-element_type=\"column\">\n\t\t\t<div class=\"elementor-widget-wrap elementor-element-populated\">\n\t\t\t\t\t\t<div class=\"elementor-element elementor-element-528f00ca elementor-widget elementor-widget-heading\" data-id=\"528f00ca\" data-element_type=\"widget\" data-widget_type=\"heading.default\">\n\t\t\t\t<div class=\"elementor-widget-container\">\n\t\t\t\t\t<h2 class=\"elementor-heading-title elementor-size-default\">Real Estate<\/h2>\t\t\t\t<\/div>\n\t\t\t\t<\/div>\n\t\t\t\t\t<\/div>\n\t\t<\/div>\n\t\t\t\t\t<\/div>\n\t\t<\/section>\n\t\t\t\t<section class=\"elementor-section elementor-top-section elementor-element elementor-element-fa5cada elementor-section-boxed elementor-section-height-default elementor-section-height-default\" data-id=\"fa5cada\" data-element_type=\"section\">\n\t\t\t\t\t\t<div class=\"elementor-container elementor-column-gap-default\">\n\t\t\t\t\t<div class=\"elementor-column elementor-col-50 elementor-top-column elementor-element elementor-element-984f7ae\" data-id=\"984f7ae\" data-element_type=\"column\">\n\t\t\t<div class=\"elementor-widget-wrap elementor-element-populated\">\n\t\t\t\t\t\t<div class=\"elementor-element elementor-element-d168c36 elementor-widget elementor-widget-text-editor\" data-id=\"d168c36\" data-element_type=\"widget\" data-widget_type=\"text-editor.default\">\n\t\t\t\t<div class=\"elementor-widget-container\">\n\t\t\t\t\t\t\t\t\t<p>We have alliances with the main developers of industrial parks in the region.<\/p><p>You tell us your requirements and we will put you in touch with all the available options according to your needs.<\/p>\t\t\t\t\t\t\t\t<\/div>\n\t\t\t\t<\/div>\n\t\t\t\t<div class=\"elementor-element elementor-element-c1fac58 elementor-widget elementor-widget-text-editor\" data-id=\"c1fac58\" data-element_type=\"widget\" data-widget_type=\"text-editor.default\">\n\t\t\t\t<div class=\"elementor-widget-container\">\n\t\t\t\t\t\t\t\t\t<p>Benefits and advantages<\/p>\t\t\t\t\t\t\t\t<\/div>\n\t\t\t\t<\/div>\n\t\t\t\t<div class=\"elementor-element elementor-element-70c67d0 elementor-icon-list--layout-traditional elementor-list-item-link-full_width elementor-widget elementor-widget-icon-list\" data-id=\"70c67d0\" data-element_type=\"widget\" data-widget_type=\"icon-list.default\">\n\t\t\t\t<div class=\"elementor-widget-container\">\n\t\t\t\t\t\t\t<ul class=\"elementor-icon-list-items\">\n\t\t\t\t\t\t\t<li class=\"elementor-icon-list-item\">\n\t\t\t\t\t\t\t\t\t\t\t<span class=\"elementor-icon-list-icon\">\n\t\t\t\t\t\t\t<i aria-hidden=\"true\" class=\"fas fa-check\"><\/i>\t\t\t\t\t\t<\/span>\n\t\t\t\t\t\t\t\t\t\t<span class=\"elementor-icon-list-text\">Ease of starting operations<\/span>\n\t\t\t\t\t\t\t\t\t<\/li>\n\t\t\t\t\t\t\t\t<li class=\"elementor-icon-list-item\">\n\t\t\t\t\t\t\t\t\t\t\t<span class=\"elementor-icon-list-icon\">\n\t\t\t\t\t\t\t<i aria-hidden=\"true\" class=\"fas fa-check\"><\/i>\t\t\t\t\t\t<\/span>\n\t\t\t\t\t\t\t\t\t\t<span class=\"elementor-icon-list-text\">Optimization of resources and people<\/span>\n\t\t\t\t\t\t\t\t\t<\/li>\n\t\t\t\t\t\t\t\t<li class=\"elementor-icon-list-item\">\n\t\t\t\t\t\t\t\t\t\t\t<span class=\"elementor-icon-list-icon\">\n\t\t\t\t\t\t\t<i aria-hidden=\"true\" class=\"fas fa-check\"><\/i>\t\t\t\t\t\t<\/span>\n\t\t\t\t\t\t\t\t\t\t<span class=\"elementor-icon-list-text\">Consultancy<\/span>\n\t\t\t\t\t\t\t\t\t<\/li>\n\t\t\t\t\t\t\t\t<li class=\"elementor-icon-list-item\">\n\t\t\t\t\t\t\t\t\t\t\t<span class=\"elementor-icon-list-icon\">\n\t\t\t\t\t\t\t<i aria-hidden=\"true\" class=\"fas fa-check\"><\/i>\t\t\t\t\t\t<\/span>\n\t\t\t\t\t\t\t\t\t\t<span class=\"elementor-icon-list-text\">Specific and suitable locations<\/span>\n\t\t\t\t\t\t\t\t\t<\/li>\n\t\t\t\t\t\t<\/ul>\n\t\t\t\t\t\t<\/div>\n\t\t\t\t<\/div>\n\t\t\t\t\t<\/div>\n\t\t<\/div>\n\t\t\t\t<div class=\"elementor-column elementor-col-50 elementor-top-column elementor-element elementor-element-e2348e5\" data-id=\"e2348e5\" data-element_type=\"column\">\n\t\t\t<div class=\"elementor-widget-wrap elementor-element-populated\">\n\t\t\t\t\t\t<div class=\"elementor-element elementor-element-db0dbdb elementor-widget elementor-widget-image\" data-id=\"db0dbdb\" data-element_type=\"widget\" data-widget_type=\"image.default\">\n\t\t\t\t<div class=\"elementor-widget-container\">\n\t\t\t\t\t\t\t\t\t\t\t\t\t\t\t<img fetchpriority=\"high\" decoding=\"async\" width=\"800\" height=\"449\" src=\"https:\/\/cegal.com.mx\/wp-content\/uploads\/2020\/09\/parque-industrial-1024x575.jpg\" class=\"attachment-large size-large wp-image-370\" alt=\"\" srcset=\"https:\/\/cegal.com.mx\/wp-content\/uploads\/2020\/09\/parque-industrial-1024x575.jpg 1024w, https:\/\/cegal.com.mx\/wp-content\/uploads\/2020\/09\/parque-industrial-300x169.jpg 300w, https:\/\/cegal.com.mx\/wp-content\/uploads\/2020\/09\/parque-industrial-768x431.jpg 768w, https:\/\/cegal.com.mx\/wp-content\/uploads\/2020\/09\/parque-industrial.jpg 1200w\" sizes=\"(max-width: 800px) 100vw, 800px\" \/>\t\t\t\t\t\t\t\t\t\t\t\t\t\t\t<\/div>\n\t\t\t\t<\/div>\n\t\t\t\t\t<\/div>\n\t\t<\/div>\n\t\t\t\t\t<\/div>\n\t\t<\/section>\n\t\t\t\t<\/div>","protected":false},"excerpt":{"rendered":"<p>Real State Brokerage Contamos con alianzas con los principales desarrolladores de parques industriales de la regi\u00f3n. Usted nos dice sus requerimientos y nosotros lo pondremos en contacto con todas las opciones disponibles acorde a sus necesidades. Beneficios y ventajas Facilidad para arranque de operaciones Optimizaci\u00f3n de recursos y gente Consultor\u00eda Localizaciones espec\u00edficas y adecuadas<\/p>","protected":false},"author":1,"featured_media":0,"parent":0,"menu_order":0,"comment_status":"closed","ping_status":"closed","template":"elementor_header_footer","meta":{"_joinchat":[],"footnotes":""},"class_list":["post-241","page","type-page","status-publish","hentry"],"yoast_head":"<!-- This site is optimized with the Yoast SEO plugin v26.5 - https:\/\/yoast.com\/wordpress\/plugins\/seo\/ -->\n<title>Real State Brokerage - CEGAL<\/title>\n<meta name=\"robots\" content=\"index, follow, max-snippet:-1, max-image-preview:large, max-video-preview:-1\" \/>\n<link rel=\"canonical\" href=\"https:\/\/cegal.com.mx\/en\/real-state-brokerage\/\" \/>\n<meta property=\"og:locale\" content=\"en_US\" \/>\n<meta property=\"og:type\" content=\"article\" \/>\n<meta property=\"og:title\" content=\"Real State Brokerage - CEGAL\" \/>\n<meta property=\"og:description\" content=\"Real State Brokerage Contamos con alianzas con los principales desarrolladores de parques industriales de la regi\u00f3n. Usted nos dice sus requerimientos y nosotros lo pondremos en contacto con todas las opciones disponibles acorde a sus necesidades. Beneficios y ventajas Facilidad para arranque de operaciones Optimizaci\u00f3n de recursos y gente Consultor\u00eda Localizaciones espec\u00edficas y adecuadas\" \/>\n<meta property=\"og:url\" content=\"https:\/\/cegal.com.mx\/en\/real-state-brokerage\/\" \/>\n<meta property=\"og:site_name\" content=\"CEGAL\" \/>\n<meta property=\"article:modified_time\" content=\"2020-09-28T18:04:14+00:00\" \/>\n<meta property=\"og:image\" content=\"http:\/\/arqmariaflores.com\/wp-content\/uploads\/2020\/09\/parque-industrial-1024x575.jpg\" \/>\n<meta name=\"twitter:card\" content=\"summary_large_image\" \/>\n<script type=\"application\/ld+json\" class=\"yoast-schema-graph\">{\"@context\":\"https:\/\/schema.org\",\"@graph\":[{\"@type\":\"WebPage\",\"@id\":\"https:\/\/cegal.com.mx\/real-state-brokerage\/\",\"url\":\"https:\/\/cegal.com.mx\/real-state-brokerage\/\",\"name\":\"Real State Brokerage - CEGAL\",\"isPartOf\":{\"@id\":\"https:\/\/cegal.com.mx\/#website\"},\"primaryImageOfPage\":{\"@id\":\"https:\/\/cegal.com.mx\/real-state-brokerage\/#primaryimage\"},\"image\":{\"@id\":\"https:\/\/cegal.com.mx\/real-state-brokerage\/#primaryimage\"},\"thumbnailUrl\":\"http:\/\/arqmariaflores.com\/wp-content\/uploads\/2020\/09\/parque-industrial-1024x575.jpg\",\"datePublished\":\"2020-08-14T18:17:21+00:00\",\"dateModified\":\"2020-09-28T18:04:14+00:00\",\"breadcrumb\":{\"@id\":\"https:\/\/cegal.com.mx\/real-state-brokerage\/#breadcrumb\"},\"inLanguage\":\"en-US\",\"potentialAction\":[{\"@type\":\"ReadAction\",\"target\":[\"https:\/\/cegal.com.mx\/real-state-brokerage\/\"]}]},{\"@type\":\"ImageObject\",\"inLanguage\":\"en-US\",\"@id\":\"https:\/\/cegal.com.mx\/real-state-brokerage\/#primaryimage\",\"url\":\"http:\/\/arqmariaflores.com\/wp-content\/uploads\/2020\/09\/parque-industrial-1024x575.jpg\",\"contentUrl\":\"http:\/\/arqmariaflores.com\/wp-content\/uploads\/2020\/09\/parque-industrial-1024x575.jpg\"},{\"@type\":\"BreadcrumbList\",\"@id\":\"https:\/\/cegal.com.mx\/real-state-brokerage\/#breadcrumb\",\"itemListElement\":[{\"@type\":\"ListItem\",\"position\":1,\"name\":\"Inicio\",\"item\":\"https:\/\/cegal.com.mx\/\"},{\"@type\":\"ListItem\",\"position\":2,\"name\":\"Real State Brokerage\"}]},{\"@type\":\"WebSite\",\"@id\":\"https:\/\/cegal.com.mx\/#website\",\"url\":\"https:\/\/cegal.com.mx\/\",\"name\":\"CEGAL\",\"description\":\"Soluciones Industriales\",\"publisher\":{\"@id\":\"https:\/\/cegal.com.mx\/#organization\"},\"potentialAction\":[{\"@type\":\"SearchAction\",\"target\":{\"@type\":\"EntryPoint\",\"urlTemplate\":\"https:\/\/cegal.com.mx\/?s={search_term_string}\"},\"query-input\":{\"@type\":\"PropertyValueSpecification\",\"valueRequired\":true,\"valueName\":\"search_term_string\"}}],\"inLanguage\":\"en-US\"},{\"@type\":\"Organization\",\"@id\":\"https:\/\/cegal.com.mx\/#organization\",\"name\":\"CEGAL\",\"url\":\"https:\/\/cegal.com.mx\/\",\"logo\":{\"@type\":\"ImageObject\",\"inLanguage\":\"en-US\",\"@id\":\"https:\/\/cegal.com.mx\/#\/schema\/logo\/image\/\",\"url\":\"https:\/\/cegal.com.mx\/wp-content\/uploads\/2020\/08\/LOGO-CEGAL.png\",\"contentUrl\":\"https:\/\/cegal.com.mx\/wp-content\/uploads\/2020\/08\/LOGO-CEGAL.png\",\"width\":310,\"height\":240,\"caption\":\"CEGAL\"},\"image\":{\"@id\":\"https:\/\/cegal.com.mx\/#\/schema\/logo\/image\/\"}}]}<\/script>\n<!-- \/ Yoast SEO plugin. -->","yoast_head_json":{"title":"Real State Brokerage - CEGAL","robots":{"index":"index","follow":"follow","max-snippet":"max-snippet:-1","max-image-preview":"max-image-preview:large","max-video-preview":"max-video-preview:-1"},"canonical":"https:\/\/cegal.com.mx\/en\/real-state-brokerage\/","og_locale":"en_US","og_type":"article","og_title":"Real State Brokerage - CEGAL","og_description":"Real State Brokerage Contamos con alianzas con los principales desarrolladores de parques industriales de la regi\u00f3n. Usted nos dice sus requerimientos y nosotros lo pondremos en contacto con todas las opciones disponibles acorde a sus necesidades. Beneficios y ventajas Facilidad para arranque de operaciones Optimizaci\u00f3n de recursos y gente Consultor\u00eda Localizaciones espec\u00edficas y adecuadas","og_url":"https:\/\/cegal.com.mx\/en\/real-state-brokerage\/","og_site_name":"CEGAL","article_modified_time":"2020-09-28T18:04:14+00:00","og_image":[{"url":"http:\/\/arqmariaflores.com\/wp-content\/uploads\/2020\/09\/parque-industrial-1024x575.jpg","type":"","width":"","height":""}],"twitter_card":"summary_large_image","schema":{"@context":"https:\/\/schema.org","@graph":[{"@type":"WebPage","@id":"https:\/\/cegal.com.mx\/real-state-brokerage\/","url":"https:\/\/cegal.com.mx\/real-state-brokerage\/","name":"Real State Brokerage - CEGAL","isPartOf":{"@id":"https:\/\/cegal.com.mx\/#website"},"primaryImageOfPage":{"@id":"https:\/\/cegal.com.mx\/real-state-brokerage\/#primaryimage"},"image":{"@id":"https:\/\/cegal.com.mx\/real-state-brokerage\/#primaryimage"},"thumbnailUrl":"http:\/\/arqmariaflores.com\/wp-content\/uploads\/2020\/09\/parque-industrial-1024x575.jpg","datePublished":"2020-08-14T18:17:21+00:00","dateModified":"2020-09-28T18:04:14+00:00","breadcrumb":{"@id":"https:\/\/cegal.com.mx\/real-state-brokerage\/#breadcrumb"},"inLanguage":"en-US","potentialAction":[{"@type":"ReadAction","target":["https:\/\/cegal.com.mx\/real-state-brokerage\/"]}]},{"@type":"ImageObject","inLanguage":"en-US","@id":"https:\/\/cegal.com.mx\/real-state-brokerage\/#primaryimage","url":"http:\/\/arqmariaflores.com\/wp-content\/uploads\/2020\/09\/parque-industrial-1024x575.jpg","contentUrl":"http:\/\/arqmariaflores.com\/wp-content\/uploads\/2020\/09\/parque-industrial-1024x575.jpg"},{"@type":"BreadcrumbList","@id":"https:\/\/cegal.com.mx\/real-state-brokerage\/#breadcrumb","itemListElement":[{"@type":"ListItem","position":1,"name":"Inicio","item":"https:\/\/cegal.com.mx\/"},{"@type":"ListItem","position":2,"name":"Real State Brokerage"}]},{"@type":"WebSite","@id":"https:\/\/cegal.com.mx\/#website","url":"https:\/\/cegal.com.mx\/","name":"CEGAL","description":"Soluciones Industriales","publisher":{"@id":"https:\/\/cegal.com.mx\/#organization"},"potentialAction":[{"@type":"SearchAction","target":{"@type":"EntryPoint","urlTemplate":"https:\/\/cegal.com.mx\/?s={search_term_string}"},"query-input":{"@type":"PropertyValueSpecification","valueRequired":true,"valueName":"search_term_string"}}],"inLanguage":"en-US"},{"@type":"Organization","@id":"https:\/\/cegal.com.mx\/#organization","name":"CEGAL","url":"https:\/\/cegal.com.mx\/","logo":{"@type":"ImageObject","inLanguage":"en-US","@id":"https:\/\/cegal.com.mx\/#\/schema\/logo\/image\/","url":"https:\/\/cegal.com.mx\/wp-content\/uploads\/2020\/08\/LOGO-CEGAL.png","contentUrl":"https:\/\/cegal.com.mx\/wp-content\/uploads\/2020\/08\/LOGO-CEGAL.png","width":310,"height":240,"caption":"CEGAL"},"image":{"@id":"https:\/\/cegal.com.mx\/#\/schema\/logo\/image\/"}}]}},"_links":{"self":[{"href":"https:\/\/cegal.com.mx\/en\/wp-json\/wp\/v2\/pages\/241","targetHints":{"allow":["GET"]}}],"collection":[{"href":"https:\/\/cegal.com.mx\/en\/wp-json\/wp\/v2\/pages"}],"about":[{"href":"https:\/\/cegal.com.mx\/en\/wp-json\/wp\/v2\/types\/page"}],"author":[{"embeddable":true,"href":"https:\/\/cegal.com.mx\/en\/wp-json\/wp\/v2\/users\/1"}],"replies":[{"embeddable":true,"href":"https:\/\/cegal.com.mx\/en\/wp-json\/wp\/v2\/comments?post=241"}],"version-history":[{"count":7,"href":"https:\/\/cegal.com.mx\/en\/wp-json\/wp\/v2\/pages\/241\/revisions"}],"predecessor-version":[{"id":416,"href":"https:\/\/cegal.com.mx\/en\/wp-json\/wp\/v2\/pages\/241\/revisions\/416"}],"wp:attachment":[{"href":"https:\/\/cegal.com.mx\/en\/wp-json\/wp\/v2\/media?parent=241"}],"curies":[{"name":"wp","href":"https:\/\/api.w.org\/{rel}","templated":true}]}}